{"id":1346,"date":"2022-02-24T14:11:37","date_gmt":"2022-02-24T14:11:37","guid":{"rendered":"https:\/\/giftled.eu\/elearning\/"},"modified":"2023-07-31T09:20:12","modified_gmt":"2023-07-31T09:20:12","slug":"elearning","status":"publish","type":"page","link":"https:\/\/giftled.eu\/lt\/elearning\/","title":{"rendered":"E-mokymas"},"content":{"rendered":"<p><img decoding=\"async\" src=\"\/wp-content\/uploads\/2023\/03\/logo-other-page-1.svg\" alt=\"\"><\/p>\n<div>\n<div id=\"Content\">\n<div class=\"boxed\">\n<div id=\"lipsum\">\n<p>Interneto portalas sujungs GiftLED i\u0161teklius, kad jie b\u016bt\u0173 lengvai pasiekiami vienodu b\u016bdu. Kadangi projekto tikslas yra teikti turin\u012f tiek mokytojams, tiek mokiniams, portalas taip pat teiks turin\u012f nuosekliu formatu. Jis sudarytas i\u0161 skaitmenini\u0173 \u0161altini\u0173, kurie buvo sukurti projekto metu (vadov\u0117lis, vaizdo \u012fra\u0161ai, skaitmenin\u0117s papildytosios realyb\u0117s (AR) atvej\u0173 analiz\u0117s, \u0161ablonai, papildytosios realyb\u0117s (AR) patirtys ir atvej\u0173 analiz\u0117s).<\/p>\n<\/div>\n<\/div>\n<\/div>\n<\/div>\n<p>\n    <a href=\"#comingsoon\">APLANKYKITE PLATFORM\u0104<\/a>\n<\/p>\n<p><img decoding=\"async\" src=\"\/wp-content\/uploads\/2023\/03\/elearningsvg-1.svg\" alt=\"\"><\/p>\n<p><!--more--><br \/>\n<!-- {\"type\":\"layout\",\"children\":[{\"type\":\"section\",\"props\":{\"image_position\":\"center-center\",\"padding_remove_bottom\":true,\"padding_remove_top\":true,\"style\":\"default\",\"title_breakpoint\":\"xl\",\"title_position\":\"top-left\",\"title_rotation\":\"left\",\"vertical_align\":\"middle\",\"width\":\"default\"},\"children\":[{\"type\":\"row\",\"children\":[{\"type\":\"column\",\"props\":{\"image_position\":\"center-center\",\"media_overlay_gradient\":\"\",\"position_sticky_breakpoint\":\"m\"},\"children\":[{\"type\":\"image\",\"props\":{\"class\":\"logo-other\",\"image\":\"wp-content\\\/uploads\\\/2023\\\/03\\\/logo-other-page-1.svg\",\"image_svg_color\":\"emphasis\",\"margin\":\"default\"}},{\"type\":\"breadcrumbs\",\"props\":{\"show_current\":true,\"show_home\":true}},{\"type\":\"headline\",\"props\":{\"text_align\":\"left\",\"title_color\":\"success\",\"title_element\":\"h2\",\"title_style\":\"h2\"},\"name\":\"headline-pages\",\"source\":{\"query\":{\"name\":\"pages.singlePage\"},\"props\":{\"content\":{\"filters\":{\"search\":\"\"},\"name\":\"title\"}}}}]}]}],\"name\":\"otherpagehead\"},{\"type\":\"section\",\"props\":{\"class\":\"bg-green\",\"image_position\":\"center-center\",\"padding\":\"small\",\"padding_remove_bottom\":true,\"padding_remove_top\":false,\"style\":\"default\",\"title_breakpoint\":\"xl\",\"title_position\":\"top-left\",\"title_rotation\":\"left\",\"vertical_align\":\"middle\",\"width\":\"default\"},\"children\":[{\"type\":\"row\",\"props\":{\"layout\":\"1-2,1-2\"},\"children\":[{\"type\":\"column\",\"props\":{\"image_position\":\"center-center\",\"media_overlay_gradient\":\"\",\"position_sticky_breakpoint\":\"m\",\"width_medium\":\"1-2\"},\"children\":[{\"type\":\"text\",\"props\":{\"class\":\"color-w\",\"column_breakpoint\":\"m\",\"content\":\"\n\n<div id=\\\"Content\\\">\\n\n\n<div class=\\\"boxed\\\">\\n\n\n<div id=\\\"lipsum\\\">\\n\n\n<p>Interneto portalas sujungs GiftLED i\\u0161teklius, kad jie b\\u016bt\\u0173 lengvai pasiekiami vienodu b\\u016bdu. Kadangi projekto tikslas yra teikti turin\\u012f tiek mokytojams, tiek mokiniams, portalas taip pat teiks turin\\u012f nuosekliu formatu. Jis sudarytas i\\u0161 skaitmenini\\u0173 \\u0161altini\\u0173, kurie buvo sukurti projekto metu (vadov\\u0117lis, vaizdo \\u012fra\\u0161ai, skaitmenin\\u0117s papildytosios realyb\\u0117s (AR) atvej\\u0173 analiz\\u0117s, \\u0161ablonai, papildytosios realyb\\u0117s (AR) patirtys ir atvej\\u0173 analiz\\u0117s).<\\\/p>\\n<\\\/div>\\n<\\\/div>\\n<\\\/div>\",\"css\":\".el-element{\\n    color:#000000; \\n}\",\"margin\":\"default\"}},{\"type\":\"button\",\"props\":{\"grid_column_gap\":\"small\",\"grid_row_gap\":\"small\",\"margin\":\"default\"},\"children\":[{\"type\":\"button_item\",\"props\":{\"button_style\":\"primary\",\"content\":\"APLANKYKITE PLATFORM\\u0104\",\"icon_align\":\"left\",\"link\":\"#comingsoon\"}}]}]},{\"type\":\"column\",\"props\":{\"image_position\":\"center-center\",\"media_overlay_gradient\":\"\",\"position_sticky_breakpoint\":\"m\",\"width_medium\":\"1-2\"},\"children\":[{\"type\":\"image\",\"props\":{\"class\":\"svele\",\"image\":\"wp-content\\\/uploads\\\/2023\\\/03\\\/elearningsvg-1.svg\",\"image_svg_color\":\"emphasis\",\"margin\":\"default\"}}]}]}]}],\"version\":\"3.0.20\"} --><\/p>\n","protected":false},"excerpt":{"rendered":"<p>Interneto portalas sujungs GiftLED i\u0161teklius, kad jie b\u016bt\u0173 lengvai pasiekiami vienodu b\u016bdu. Kadangi projekto tikslas yra teikti turin\u012f tiek mokytojams, tiek mokiniams, portalas taip pat..<\/p>\n","protected":false},"author":1,"featured_media":0,"parent":0,"menu_order":0,"comment_status":"closed","ping_status":"closed","template":"","meta":{"_acf_changed":false,"inline_featured_image":false,"footnotes":""},"class_list":["post-1346","page","type-page","status-publish","hentry"],"acf":[],"_links":{"self":[{"href":"https:\/\/giftled.eu\/lt\/wp-json\/wp\/v2\/pages\/1346","targetHints":{"allow":["GET"]}}],"collection":[{"href":"https:\/\/giftled.eu\/lt\/wp-json\/wp\/v2\/pages"}],"about":[{"href":"https:\/\/giftled.eu\/lt\/wp-json\/wp\/v2\/types\/page"}],"author":[{"embeddable":true,"href":"https:\/\/giftled.eu\/lt\/wp-json\/wp\/v2\/users\/1"}],"replies":[{"embeddable":true,"href":"https:\/\/giftled.eu\/lt\/wp-json\/wp\/v2\/comments?post=1346"}],"version-history":[{"count":2,"href":"https:\/\/giftled.eu\/lt\/wp-json\/wp\/v2\/pages\/1346\/revisions"}],"predecessor-version":[{"id":1407,"href":"https:\/\/giftled.eu\/lt\/wp-json\/wp\/v2\/pages\/1346\/revisions\/1407"}],"wp:attachment":[{"href":"https:\/\/giftled.eu\/lt\/wp-json\/wp\/v2\/media?parent=1346"}],"curies":[{"name":"wp","href":"https:\/\/api.w.org\/{rel}","templated":true}]}}