{"id":1351,"date":"2023-03-28T10:03:56","date_gmt":"2023-03-28T10:03:56","guid":{"rendered":"https:\/\/giftled.eu\/toolkit\/"},"modified":"2025-01-13T16:13:42","modified_gmt":"2025-01-13T16:13:42","slug":"toolkit","status":"publish","type":"page","link":"https:\/\/giftled.eu\/lt\/toolkit\/","title":{"rendered":"Rezultatai"},"content":{"rendered":"<p><img decoding=\"async\" src=\"\/wp-content\/uploads\/2023\/03\/logo-other-page-1.svg\" alt=\"\"><\/p>\n<div>\n<p>\u012eranki\u0173 rinkinys apima konkre\u010dius mokymo\/ugdymo i\u0161teklius, kurie bus naudojami pasitelkiant GIFTLED metod\u0105 STEAM \u0161vietime. <\/p>\n<\/div>\n<h2>Mokytojo\/mokymo specialisto vadovas<\/h2>\n<div>\n<p>Pirmas rezultatas yra <strong>mokytojo\/mokymo specialisto vadovas<\/strong>. Vadovas moko mokytoj\u0105\/mokymo specialist\u0105 apie gabumus, STEAM ir dizaino mokymuisi metod\u0105, pagaliau metod\u0105 \u201eGiftLed\u201c.<\/p>\n<\/div>\n<p>\n    <a href=\"https:\/\/giftled.eu\/wp-content\/uploads\/2024\/03\/GIFTLED-Learning-by-Design-Method-in-My-Educational-Work-Handbook-For-Teachers_LT.pdf\">Vadovas mokytojams<\/a>\n<\/p>\n<h2>Papildytosios realyb\u0117s atvej\u0173 analiz\u0117s bro\u0161i\u016bra<\/h2>\n<div>\n<p><strong>Papildytosios realyb\u0117s atvej\u0173 analiz\u0117s bro\u0161i\u016bra<\/strong>; \u0161is i\u0161teklius apima informacij\u0105, kaip naudoti papildytosios realyb\u0117s program\u0105 su konkre\u010diu scenarijumi.<\/p>\n<\/div>\n<div>\n<p><a class=\"uk-button uk-button-primary uk-text-uppercase\" href=\"#modal-ar-case-studies\" uk-toggle=\"\">Atidaryti<\/a><\/p>\n<div id=\"modal-ar-case-studies\" class=\"uk-flex-top\" uk-modal=\"\">\n<div class=\"uk-modal-dialog uk-modal-body uk-margin-auto-vertical\"><button class=\"uk-modal-close-default\" type=\"button\" uk-close=\"\"><\/button><\/p>\n<p>Papildytosios realyb\u0117s atvej\u0173 analiz\u0117s bro\u0161i\u016bra; \u0161is i\u0161teklius apima informacij\u0105, kaip naudoti papildytosios realyb\u0117s program\u0105 su konkre\u010diu scenarijumi.<\/p>\n<p><a class=\"uk-button uk-button-primary\" href=\"https:\/\/giftled.eu\/wp-content\/uploads\/2024\/09\/1.-Elektrines-grandines-fizikoje.pdf\" target=\"_blank\" rel=\"noopener\">1. Elektrin\u0117s grandin\u0117s fizikoje<\/a><\/p>\n<p><a class=\"uk-button uk-button-primary\" href=\"https:\/\/giftled.eu\/wp-content\/uploads\/2024\/09\/2.-Nuo-urvu-iki-modernybes.pdf\" target=\"_blank\" rel=\"noopener\">2. Nuo urv\u0173 iki modernyb\u0117s<\/a><\/p>\n<p><a class=\"uk-button uk-button-primary\" href=\"https:\/\/giftled.eu\/wp-content\/uploads\/2024\/09\/3.-Susipazinkime-su-vejo-turbinomis.pdf\" target=\"_blank\" rel=\"noopener\">3. Susipa\u017einkime su v\u0117jo turbinomis<\/a><\/p>\n<p><a class=\"uk-button uk-button-primary\" href=\"https:\/\/giftled.eu\/wp-content\/uploads\/2024\/09\/4.-ZEMES-DREBEJIMAI-IR-PASTATU-REAKCIJOS.pdf\" target=\"_blank\" rel=\"noopener\">4. \u017dem\u0117s dreb\u0117jimai ir pastat\u0173 reakcijos<\/a><\/p>\n<p><a class=\"uk-button uk-button-primary\" href=\"https:\/\/giftled.eu\/wp-content\/uploads\/2024\/09\/5.-Trimate-geometrija.pdf\" target=\"_blank\" rel=\"noopener\">5. Trimat\u0117 geometrija<\/a><\/p>\n<p><a class=\"uk-button uk-button-primary\" href=\"https:\/\/giftled.eu\/wp-content\/uploads\/2024\/09\/6.-PR-Matematikos-nuotykis.pdf\" target=\"_blank\" rel=\"noopener\">6. PR Matematikos nuotykis<\/a><\/p>\n<p><a class=\"uk-button uk-button-primary\" href=\"https:\/\/giftled.eu\/wp-content\/uploads\/2024\/09\/7.-Virtuali-meno-paroda.pdf\" target=\"_blank\" rel=\"noopener\">7. Virtuali meno paroda<\/a><\/p>\n<\/div>\n<\/div>\n<\/div>\n<hr>\n<h2>\u012eranki\u0173 rinkinio \u012fvadiniai vaizdo \u012fra\u0161ai<\/h2>\n<div>\u012eranki\u0173 rinkinio \u012fvadiniai vaizdo \u012fra\u0161ai bus sukurti kiekvienai skaitmenini\u0173 ir papildytosios realyb\u0117s taikymo programai, kuri bus naudojama STEAM disciplinose. \u0160ie vaizdo \u012fra\u0161ai demonstruos konkre\u010dius program\u0173 funkcionalumus ir kaip jie gali b\u016bti naudojami STEAM \u0161vietime, remiantis \u201edizaino mokymuisi\u201c metodika.<\/div>\n<p>\n    <a href=\"\/lt\/toolkit-instruction-videos\/\">\u017di\u016br\u0117kite vaizdo \u012fra\u0161us<\/a>\n<\/p>\n<h2>Curriculum<\/h2>\n<div>\n<p>Bus parengtas ir sukurtas <strong>mokymo planas<\/strong>, skirtas parodyti, kaip GIFTLED metodas gali b\u016bti naudojamas STEAM disciplinose \u012ftraukiant ir ugdant talentingus asmenis.<\/p>\n<\/div>\n<p>\n    <a href=\"\/wp-content\/uploads\/2025\/01\/GIFTLED_Curriculum-for-Trainers_Modules_LT.pdf\">Atsisi\u0173skite mokymo program\u0105<\/a>\n<\/p>\n<hr>\n<p><img decoding=\"async\" src=\"\/wp-content\/uploads\/2023\/03\/toolsvg-1.svg\" alt=\"\"><\/p>\n<p><!--more--><br \/>\n<!-- {\"type\":\"layout\",\"children\":[{\"type\":\"section\",\"props\":{\"image_position\":\"center-center\",\"padding_remove_bottom\":true,\"padding_remove_top\":true,\"style\":\"default\",\"title_breakpoint\":\"xl\",\"title_position\":\"top-left\",\"title_rotation\":\"left\",\"vertical_align\":\"middle\",\"width\":\"default\"},\"children\":[{\"type\":\"row\",\"children\":[{\"type\":\"column\",\"props\":{\"image_position\":\"center-center\",\"media_overlay_gradient\":\"\",\"position_sticky_breakpoint\":\"m\"},\"children\":[{\"type\":\"image\",\"props\":{\"class\":\"logo-other\",\"image\":\"wp-content\\\/uploads\\\/2023\\\/03\\\/logo-other-page-1.svg\",\"image_svg_color\":\"emphasis\",\"margin\":\"default\"}},{\"type\":\"breadcrumbs\",\"props\":{\"show_current\":true,\"show_home\":true}},{\"type\":\"headline\",\"props\":{\"text_align\":\"left\",\"title_color\":\"success\",\"title_element\":\"h2\",\"title_style\":\"h2\"},\"name\":\"headline-pages\",\"source\":{\"query\":{\"name\":\"pages.singlePage\"},\"props\":{\"content\":{\"filters\":{\"search\":\"\"},\"name\":\"title\"}}}}]}]}],\"name\":\"otherpagehead\"},{\"type\":\"section\",\"props\":{\"class\":\"bg-blue\",\"image_position\":\"center-center\",\"padding\":\"small\",\"padding_remove_bottom\":true,\"padding_remove_top\":false,\"status\":\"disabled\",\"style\":\"default\",\"title_breakpoint\":\"xl\",\"title_position\":\"top-left\",\"title_rotation\":\"left\",\"vertical_align\":\"middle\",\"width\":\"default\"},\"children\":[{\"type\":\"row\",\"props\":{\"layout\":\"1-2,1-2\"},\"children\":[{\"type\":\"column\",\"props\":{\"image_position\":\"center-center\",\"media_overlay_gradient\":\"\",\"position_sticky_breakpoint\":\"m\",\"width_medium\":\"1-2\"},\"children\":[{\"type\":\"text\",\"props\":{\"class\":\"color-w\",\"column_breakpoint\":\"m\",\"content\":\"\n\n<div id=\\\"Content\\\">\\n\n\n<div class=\\\"boxed\\\">\\n\n\n<div id=\\\"lipsum\\\">\\n\n\n<p>\\u012eranki\\u0173 rinkinys apima konkre\\u010dius mokymo\\\/ugdymo i\\u0161teklius, kurie bus <span>naudojami pasitelkiant GIFTLED metod\\u0105 STEAM \\u0161vietime.\\u00a0<\\\/span><\\\/p>\\n\n\n<p><span>Konkre\\u010diais tikslais yra \\u0161i\\u0173 rezultat\\u0173 pl\\u0117tojimas:<\\\/span><\\\/p>\\n\n\n<ul>\\n\n\n<li aria-level=\\\"1\\\"><span>Pirmas rezultatas yra <\\\/span><b>mokytojo\\\/mokymo specialisto vadovas<\\\/b><span>. Vadovas moko mokytoj\\u0105\\\/mokymo specialist\\u0105 apie gabumus, STEAM ir dizaino mokymuisi metod\\u0105, pagaliau metod\\u0105 \\u201eGiftLed\\u201c.<\\\/span><\\\/li>\\n\n\n<li aria-level=\\\"1\\\"><b>\\u012eranki\\u0173 rinkinio \\u012fvadiniai vaizdo \\u012fra\\u0161ai <\\\/b><span>bus sukurti kiekvienai skaitmenini\\u0173 ir papildytosios realyb\\u0117s taikymo programai, kuri bus naudojama STEAM disciplinose. \\u0160ie vaizdo \\u012fra\\u0161ai demonstruos konkre\\u010dius program\\u0173 funkcionalumus ir kaip jie gali b\\u016bti naudojami STEAM \\u0161vietime, remiantis \\u201edizaino mokymuisi\\u201c metodika.<\\\/span><\\\/li>\\n\n\n<li aria-level=\\\"1\\\"><b>Papildytosios realyb\\u0117s atvej\\u0173 analiz\\u0117s bro\\u0161i\\u016bra<\\\/b><span>; \\u0161is i\\u0161teklius apima informacij\\u0105, kaip naudoti papildytosios realyb\\u0117s program\\u0105 su konkre\\u010diu scenarijumi.<\\\/span><\\\/li>\\n\n\n<li aria-level=\\\"1\\\"><span>Bus parengtas ir sukurtas <\\\/span><b>mokymo planas<\\\/b><span>, skirtas parodyti, kaip GIFTLED metodas gali b\\u016bti naudojamas STEAM disciplinose \\u012ftraukiant ir ugdant talentingus asmenis.<\\\/span><\\\/li>\\n\n\n<li><\\\/li>\\n<\\\/ul>\\n<\\\/div>\\n<\\\/div>\\n<\\\/div>\",\"css\":\".el-element{\\n    color:#000000; \\n}\",\"margin\":\"default\"}}]},{\"type\":\"column\",\"props\":{\"image_position\":\"center-center\",\"media_overlay_gradient\":\"\",\"position_sticky_breakpoint\":\"m\",\"width_medium\":\"1-2\"},\"children\":[{\"type\":\"image\",\"props\":{\"class\":\"svele\",\"image\":\"wp-content\\\/uploads\\\/2023\\\/03\\\/toolsvg-1.svg\",\"image_svg_color\":\"emphasis\",\"margin\":\"default\"}}]}]}],\"name\":\"OLD CONTENT\"},{\"type\":\"section\",\"props\":{\"animation\":\"fade\",\"animation_delay\":\"200\",\"class\":\"bg-blue\",\"image_position\":\"center-center\",\"padding\":\"small\",\"padding_remove_bottom\":false,\"padding_remove_top\":false,\"style\":\"default\",\"title_breakpoint\":\"xl\",\"title_position\":\"top-left\",\"title_rotation\":\"left\",\"vertical_align\":\"middle\",\"width\":\"default\"},\"children\":[{\"type\":\"row\",\"children\":[{\"type\":\"column\",\"props\":{\"image_position\":\"center-center\",\"media_overlay_gradient\":\"\",\"position_sticky_breakpoint\":\"m\"},\"children\":[{\"type\":\"text\",\"props\":{\"column_breakpoint\":\"m\",\"content\":\"\n\n<p>\\u012eranki\\u0173 rinkinys apima konkre\\u010dius mokymo\\\/ugdymo i\\u0161teklius, kurie bus naudojami pasitelkiant GIFTLED metod\\u0105 STEAM \\u0161vietime. <\\\/p>\",\"css\":\".el-element {\\n\\tcolor: #fff;\\n}\",\"margin\":\"default\",\"text_style\":\"lead\"},\"name\":\"Intro text\"}]}]},{\"type\":\"row\",\"props\":{\"divider\":true,\"layout\":\"1-2,1-2\",\"width_expand\":\"right\"},\"children\":[{\"type\":\"column\",\"props\":{\"image_position\":\"center-center\",\"media_overlay_gradient\":\"\",\"position_sticky_breakpoint\":\"m\",\"width_medium\":\"1-2\"},\"children\":[{\"type\":\"headline\",\"props\":{\"content\":\"Mokytojo\\\/mokymo specialisto vadovas\",\"text_align\":\"left\",\"title_color\":\"primary\",\"title_element\":\"h2\",\"title_style\":\"h2\"},\"name\":\"1. Handbook for Teachers\"},{\"type\":\"text\",\"props\":{\"class\":\"color-w\",\"column_breakpoint\":\"m\",\"content\":\"\n\n<p>Pirmas rezultatas yra <strong>mokytojo\\\/mokymo specialisto vadovas<\\\/strong>. Vadovas moko mokytoj\\u0105\\\/mokymo specialist\\u0105 apie gabumus, STEAM ir dizaino mokymuisi metod\\u0105, pagaliau metod\\u0105 \\u201eGiftLed\\u201c.<\\\/p>\",\"css\":\".el-element{\\n    color:#000000; \\n}\",\"margin\":\"default\"},\"name\":\"Handbook text\"},{\"type\":\"button\",\"props\":{\"css\":\".el-content {\\n\\ttext-transform: uppercase;\\n}\",\"grid_column_gap\":\"small\",\"grid_row_gap\":\"small\",\"margin\":\"default\"},\"children\":[{\"type\":\"button_item\",\"props\":{\"button_style\":\"primary\",\"content\":\"Vadovas mokytojams\",\"icon_align\":\"left\",\"link\":\"https:\\\/\\\/giftled.eu\\\/wp-content\\\/uploads\\\/2024\\\/03\\\/GIFTLED-Learning-by-Design-Method-in-My-Educational-Work-Handbook-For-Teachers_LT.pdf\",\"link_target\":\"blank\"}}]}]},{\"type\":\"column\",\"props\":{\"image_position\":\"center-center\",\"media_overlay_gradient\":\"\",\"position_sticky_breakpoint\":\"m\",\"width_medium\":\"1-2\"},\"children\":[{\"type\":\"headline\",\"props\":{\"content\":\"Papildytosios realyb\\u0117s atvej\\u0173 analiz\\u0117s bro\\u0161i\\u016bra\",\"text_align\":\"left\",\"title_color\":\"primary\",\"title_element\":\"h2\",\"title_style\":\"h2\"},\"name\":\"3. AR case studies\"},{\"type\":\"text\",\"props\":{\"class\":\"color-w\",\"column_breakpoint\":\"m\",\"content\":\"\n\n<p><strong>Papildytosios realyb\\u0117s atvej\\u0173 analiz\\u0117s bro\\u0161i\\u016bra<\\\/strong>; \\u0161is i\\u0161teklius apima informacij\\u0105, kaip naudoti papildytosios realyb\\u0117s program\\u0105 su konkre\\u010diu scenarijumi.<\\\/p>\",\"css\":\".el-element{\\n    color:#000000; \\n}\",\"margin\":\"default\"},\"name\":\"AR text\"},{\"type\":\"text\",\"props\":{\"class\":\"color-w\",\"column_breakpoint\":\"m\",\"content\":\"\n\n<p><a class=\\\"uk-button uk-button-primary uk-text-uppercase\\\" href=\\\"#modal-ar-case-studies\\\" uk-toggle=\\\"\\\">Atidaryti<\\\/a><\\\/p>\\n\n\n<div id=\\\"modal-ar-case-studies\\\" class=\\\"uk-flex-top\\\" uk-modal=\\\"\\\">\\n\n\n<div class=\\\"uk-modal-dialog uk-modal-body uk-margin-auto-vertical\\\"><button class=\\\"uk-modal-close-default\\\" type=\\\"button\\\" uk-close=\\\"\\\"><\\\/button>\\n\n\n<p>Papildytosios realyb\\u0117s atvej\\u0173 analiz\\u0117s bro\\u0161i\\u016bra; \\u0161is i\\u0161teklius apima informacij\\u0105, kaip naudoti papildytosios realyb\\u0117s program\\u0105 su konkre\\u010diu scenarijumi.<\\\/p>\\n\\n\\n\n\n<p><a class=\\\"uk-button uk-button-primary\\\" href=\\\"https:\\\/\\\/giftled.eu\\\/wp-content\\\/uploads\\\/2024\\\/09\\\/1.-Elektrines-grandines-fizikoje.pdf\\\" target=\\\"_blank\\\" rel=\\\"noopener\\\">1. Elektrin\\u0117s grandin\\u0117s fizikoje<\\\/a><\\\/p>\\n\\n\n\n<p><a class=\\\"uk-button uk-button-primary\\\" href=\\\"https:\\\/\\\/giftled.eu\\\/wp-content\\\/uploads\\\/2024\\\/09\\\/2.-Nuo-urvu-iki-modernybes.pdf\\\" target=\\\"_blank\\\" rel=\\\"noopener\\\">2. Nuo urv\\u0173 iki modernyb\\u0117s<\\\/a><\\\/p>\\n\\n\n\n<p><a class=\\\"uk-button uk-button-primary\\\" href=\\\"https:\\\/\\\/giftled.eu\\\/wp-content\\\/uploads\\\/2024\\\/09\\\/3.-Susipazinkime-su-vejo-turbinomis.pdf\\\" target=\\\"_blank\\\" rel=\\\"noopener\\\">3. Susipa\\u017einkime su v\\u0117jo turbinomis<\\\/a><\\\/p>\\n\\n\n\n<p><a class=\\\"uk-button uk-button-primary\\\" href=\\\"https:\\\/\\\/giftled.eu\\\/wp-content\\\/uploads\\\/2024\\\/09\\\/4.-ZEMES-DREBEJIMAI-IR-PASTATU-REAKCIJOS.pdf\\\" target=\\\"_blank\\\" rel=\\\"noopener\\\">4. \\u017dem\\u0117s dreb\\u0117jimai ir pastat\\u0173 reakcijos<\\\/a><\\\/p>\\n\\n\n\n<p><a class=\\\"uk-button uk-button-primary\\\" href=\\\"https:\\\/\\\/giftled.eu\\\/wp-content\\\/uploads\\\/2024\\\/09\\\/5.-Trimate-geometrija.pdf\\\" target=\\\"_blank\\\" rel=\\\"noopener\\\">5. Trimat\\u0117 geometrija<\\\/a><\\\/p>\\n\\n\n\n<p><a class=\\\"uk-button uk-button-primary\\\" href=\\\"https:\\\/\\\/giftled.eu\\\/wp-content\\\/uploads\\\/2024\\\/09\\\/6.-PR-Matematikos-nuotykis.pdf\\\" target=\\\"_blank\\\" rel=\\\"noopener\\\">6. PR Matematikos nuotykis<\\\/a><\\\/p>\\n\\n\n\n<p><a class=\\\"uk-button uk-button-primary\\\" href=\\\"https:\\\/\\\/giftled.eu\\\/wp-content\\\/uploads\\\/2024\\\/09\\\/7.-Virtuali-meno-paroda.pdf\\\" target=\\\"_blank\\\" rel=\\\"noopener\\\">7. Virtuali meno paroda<\\\/a><\\\/p>\\n\\n<\\\/div>\\n<\\\/div>\",\"css\":\".el-element{\\n    color:#000000; \\n}\",\"margin\":\"default\"},\"name\":\"Modal\"}]}]},{\"type\":\"row\",\"children\":[{\"type\":\"column\",\"props\":{\"image_position\":\"center-center\",\"media_overlay_gradient\":\"\",\"position_sticky_breakpoint\":\"m\"},\"children\":[{\"type\":\"divider\",\"props\":{\"css\":\".el-element {\\n\\tvisibility: hidden;\\n}\",\"divider_element\":\"hr\"}}]}]},{\"type\":\"row\",\"props\":{\"divider\":true,\"layout\":\"1-2,1-2\",\"match\":true,\"status\":\"\"},\"children\":[{\"type\":\"column\",\"props\":{\"image_position\":\"center-center\",\"media_overlay_gradient\":\"\",\"position_sticky_breakpoint\":\"m\",\"width_medium\":\"1-2\"},\"children\":[{\"type\":\"headline\",\"props\":{\"content\":\"\\u012eranki\\u0173 rinkinio \\u012fvadiniai vaizdo \\u012fra\\u0161ai\",\"text_align\":\"left\",\"title_color\":\"primary\",\"title_element\":\"h2\",\"title_style\":\"h2\"},\"name\":\"2. Toolkit Instruction Videos\"},{\"type\":\"text\",\"props\":{\"class\":\"color-w\",\"column_breakpoint\":\"m\",\"content\":\"\\u012eranki\\u0173 rinkinio \\u012fvadiniai vaizdo \\u012fra\\u0161ai bus sukurti kiekvienai skaitmenini\\u0173 ir papildytosios realyb\\u0117s taikymo programai, kuri bus naudojama STEAM disciplinose. \\u0160ie vaizdo \\u012fra\\u0161ai demonstruos konkre\\u010dius program\\u0173 funkcionalumus ir kaip jie gali b\\u016bti naudojami STEAM \\u0161vietime, remiantis \\u201edizaino mokymuisi\\u201c metodika.\",\"css\":\".el-element{\\n    color:#000000; \\n}\",\"margin\":\"default\"}},{\"type\":\"button\",\"props\":{\"class\":\"\",\"css\":\".el-content {\\n\\ttext-transform: uppercase;\\n}\",\"grid_column_gap\":\"small\",\"grid_row_gap\":\"small\",\"margin\":\"default\"},\"children\":[{\"type\":\"button_item\",\"props\":{\"button_style\":\"primary\",\"content\":\"\\u017di\\u016br\\u0117kite vaizdo \\u012fra\\u0161us\",\"icon_align\":\"left\",\"link\":\"\\\/lt\\\/toolkit-instruction-videos\\\/\",\"link_target\":\"blank\"}}],\"name\":\"WATCH THE VIDEOS\"}]},{\"type\":\"column\",\"props\":{\"image_position\":\"center-center\",\"media_overlay_gradient\":\"\",\"position_sticky_breakpoint\":\"m\",\"width_medium\":\"1-2\"},\"children\":[{\"type\":\"headline\",\"props\":{\"content\":\"Curriculum\",\"text_align\":\"left\",\"title_color\":\"primary\",\"title_element\":\"h2\",\"title_style\":\"h2\"},\"name\":\"4. Curriculum\"},{\"type\":\"text\",\"props\":{\"class\":\"color-w\",\"column_breakpoint\":\"m\",\"content\":\"\n\n<p>Bus parengtas ir sukurtas <strong>mokymo planas<\\\/strong>, skirtas parodyti, kaip GIFTLED metodas gali b\\u016bti naudojamas STEAM disciplinose \\u012ftraukiant ir ugdant talentingus asmenis.<\\\/p>\",\"css\":\".el-element{\\n    color:#000000; \\n}\",\"margin\":\"default\"}},{\"type\":\"button\",\"props\":{\"grid_column_gap\":\"small\",\"grid_row_gap\":\"small\",\"margin\":\"default\"},\"children\":[{\"type\":\"button_item\",\"props\":{\"button_style\":\"primary\",\"content\":\"Atsisi\\u0173skite mokymo program\\u0105\",\"icon_align\":\"left\",\"link\":\"wp-content\\\/uploads\\\/2025\\\/01\\\/GIFTLED_Curriculum-for-Trainers_Modules_LT.pdf\",\"link_target\":\"blank\"}}],\"name\":\"COMING SOON btn\"}]}]},{\"type\":\"row\",\"children\":[{\"type\":\"column\",\"props\":{\"image_position\":\"center-center\",\"media_overlay_gradient\":\"\",\"position_sticky_breakpoint\":\"m\"},\"children\":[{\"type\":\"divider\",\"props\":{\"css\":\".el-element {\\n\\tvisibility: hidden;\\n}\",\"divider_element\":\"hr\"}}]}]},{\"type\":\"row\",\"props\":{\"divider\":false,\"layout\":\"1-2,1-2\",\"width_expand\":\"right\"},\"children\":[{\"type\":\"column\",\"props\":{\"image_position\":\"center-center\",\"media_overlay_gradient\":\"\",\"position_sticky_breakpoint\":\"m\",\"width_medium\":\"1-2\"},\"children\":[{\"type\":\"text\",\"props\":{\"class\":\"color-w\",\"column_breakpoint\":\"m\",\"content\":\"\n\n<div id=\\\"Content\\\">\\n\n\n<div class=\\\"boxed\\\">\\n\n\n<div id=\\\"lipsum\\\">\\n\n\n<p><span>The Toolkit includes specific training\\\/teaching resources which will be used through GIFTLED method in STEAM education.<\\\/span><\\\/p>\\n\n\n<p><span>The specific objectives will be developing the following results:\\u00a0<\\\/span><\\\/p>\\n\n\n<ul>\\n\n\n<li aria-level=\\\"1\\\"><span>The first result is a <\\\/span><b>teacher\\\/trainer\\u2019s handbook<\\\/b><span>. The handbook guides teacher\\\/trainer in terms of giftedness, STEAM, and the \\u201clearning by design\\u201d educational approach, finally the GiftLed Method.<\\\/span><\\\/li>\\n\n\n<li aria-level=\\\"1\\\"><span>The <\\\/span><b>Toolkit Introduction Videos (TIVs)<\\\/b><span> will be designed for each digital and augmented reality applications that will be used in STEAM disciplines. These videos will demonstrate the specific features of applications and how they can be used in STEAM education within \\u201clearning by design\\u201d approach.<\\\/span><\\\/li>\\n\n\n<li aria-level=\\\"1\\\"><span>The <\\\/span><b>augmented reality case studies brochure<\\\/b><span>; this resource contains information how to use augmented reality application with a specific scenario.\\u00a0<\\\/span><\\\/li>\\n\n\n<li aria-level=\\\"1\\\"><span>A <\\\/span><b>curriculum<\\\/b><span> will be developed and designed to demonstrate how the GIFTLED method can be used in STEAM disciplines<\\\/span><span><br \\\/><\\\/span><span>for inclusion and education of gifted\\\/talented individuals.\\u00a0<\\\/span><\\\/li>\\n<\\\/ul>\\n<\\\/div>\\n<\\\/div>\\n<\\\/div>\",\"css\":\".el-element{\\n    color:#000000; \\n}\",\"margin\":\"default\",\"status\":\"disabled\",\"text_color\":\"muted\"},\"name\":\"BKP text\"}]},{\"type\":\"column\",\"props\":{\"image_position\":\"center-center\",\"media_overlay_gradient\":\"\",\"position_sticky_breakpoint\":\"m\",\"width_medium\":\"1-2\"},\"children\":[{\"type\":\"image\",\"props\":{\"class\":\"DDsvele\",\"css\":\".el-image {\\n\\tmax-width: 340px;\\n}\",\"image\":\"wp-content\\\/uploads\\\/2023\\\/03\\\/toolsvg-1.svg\",\"image_svg_color\":\"emphasis\",\"image_width\":\"300\",\"margin\":\"default\",\"text_align\":\"right\",\"visibility\":\"m\"}}]}]}],\"name\":\"FINAL RESULTS PAGE - SECTION\"}],\"version\":\"3.0.20\"} --><\/p>\n","protected":false},"excerpt":{"rendered":"<p>\u012eranki\u0173 rinkinys apima konkre\u010dius mokymo\/ugdymo i\u0161teklius, kurie bus naudojami pasitelkiant GIFTLED metod\u0105 STEAM \u0161vietime. Mokytojo\/mokymo specialisto vadovas Pirmas rezultatas yra mokytojo\/mokymo specialisto vadovas. Vadovas moko..<\/p>\n","protected":false},"author":1,"featured_media":0,"parent":0,"menu_order":0,"comment_status":"closed","ping_status":"closed","template":"","meta":{"_acf_changed":false,"inline_featured_image":false,"footnotes":""},"class_list":["post-1351","page","type-page","status-publish","hentry"],"acf":[],"_links":{"self":[{"href":"https:\/\/giftled.eu\/lt\/wp-json\/wp\/v2\/pages\/1351","targetHints":{"allow":["GET"]}}],"collection":[{"href":"https:\/\/giftled.eu\/lt\/wp-json\/wp\/v2\/pages"}],"about":[{"href":"https:\/\/giftled.eu\/lt\/wp-json\/wp\/v2\/types\/page"}],"author":[{"embeddable":true,"href":"https:\/\/giftled.eu\/lt\/wp-json\/wp\/v2\/users\/1"}],"replies":[{"embeddable":true,"href":"https:\/\/giftled.eu\/lt\/wp-json\/wp\/v2\/comments?post=1351"}],"version-history":[{"count":11,"href":"https:\/\/giftled.eu\/lt\/wp-json\/wp\/v2\/pages\/1351\/revisions"}],"predecessor-version":[{"id":2612,"href":"https:\/\/giftled.eu\/lt\/wp-json\/wp\/v2\/pages\/1351\/revisions\/2612"}],"wp:attachment":[{"href":"https:\/\/giftled.eu\/lt\/wp-json\/wp\/v2\/media?parent=1351"}],"curies":[{"name":"wp","href":"https:\/\/api.w.org\/{rel}","templated":true}]}}