{"id":1482,"date":"2023-03-28T10:03:56","date_gmt":"2023-03-28T10:03:56","guid":{"rendered":"https:\/\/giftled.eu\/toolkit\/"},"modified":"2025-01-13T16:11:07","modified_gmt":"2025-01-13T16:11:07","slug":"toolkit","status":"publish","type":"page","link":"https:\/\/giftled.eu\/pl\/toolkit\/","title":{"rendered":"Rezultaty"},"content":{"rendered":"<p><img decoding=\"async\" src=\"\/wp-content\/uploads\/2023\/03\/logo-other-page-1.svg\" alt=\"\"><\/p>\n<div>Zestaw narz\u0119dzi zawiera okre\u015blone zasoby szkoleniowe\/dydaktyczne, kt\u00f3re b\u0119d\u0105 wykorzystywane w ramach metody GIFTLED w edukacji STEAM.<\/div>\n<h2>podr\u0119cznik dla nauczyciela\/instruktora<\/h2>\n<div>\n<p>Pierwszym rezultatem jest <strong>podr\u0119cznik dla nauczyciela\/instruktora<\/strong>. Podr\u0119cznik jest przewodnikiem w zakresie uzdolnie\u0144, STEAM i podej\u015bcia edukacyjnego \u201euczenia si\u0119 przez projektowanie\u201d, a na ko\u0144cu metody GiftLed.<\/p>\n<\/div>\n<p>\n    <a href=\"https:\/\/giftled.eu\/wp-content\/uploads\/2024\/03\/GIFTLED-Learning-by-Design-Method-in-My-Educational-Work-Handbook-For-Teachers_final-for-tranlsation-PL-rev.pdf\">PODR\u0118CZNIK DLA NAUCZYCIELI<\/a>\n<\/p>\n<h2>Broszura ze studium przypadk\u00f3w rozszerzonej rzeczywisto\u015bci;<\/h2>\n<div>\n<p><strong>Broszura ze studium przypadk\u00f3w rozszerzonej rzeczywisto\u015bci<\/strong>; ten zas\u00f3b zawiera informacje, jak u\u017cywa\u0107 rozszerzonej rzeczywisto\u015bci w okre\u015blonym scenariuszu.<\/p>\n<\/div>\n<div>\n<p><a class=\"uk-button uk-button-primary uk-text-uppercase\" href=\"#modal-ar-case-studies\" uk-toggle=\"\">Otw\u00f3rz<\/a><\/p>\n<div id=\"modal-ar-case-studies\" class=\"uk-flex-top\" uk-modal=\"\">\n<div class=\"uk-modal-dialog uk-modal-body uk-margin-auto-vertical\"><button class=\"uk-modal-close-default\" type=\"button\" uk-close=\"\"><\/button><\/p>\n<p>Broszura ze studium przypadk\u00f3w rozszerzonej rzeczywisto\u015bci; ten zas\u00f3b zawiera informacje, jak u\u017cywa\u0107 rozszerzonej rzeczywisto\u015bci w okre\u015blonym scenariuszu.<\/p>\n<p><a class=\"uk-button uk-button-primary\" href=\"https:\/\/giftled.eu\/wp-content\/uploads\/2024\/09\/1.-Obwody-elektryczne-w-fizyce.pdf\" target=\"_blank\" rel=\"noopener\">1. Obwody elektryczne w fizyce<\/a><\/p>\n<p><a class=\"uk-button uk-button-primary\" href=\"https:\/\/giftled.eu\/wp-content\/uploads\/2024\/09\/2.-Od-jaskin-do-nowoczesnosci.pdf\" target=\"_blank\" rel=\"noopener\">2. Od jaski\u0144 do nowoczesno\u015bci<\/a><\/p>\n<p><a class=\"uk-button uk-button-primary\" href=\"https:\/\/giftled.eu\/wp-content\/uploads\/2024\/09\/3.-Turbiny-wiatrowe.pdf\" target=\"_blank\" rel=\"noopener\">3. Turbiny wiatrowe<\/a><\/p>\n<p><a class=\"uk-button uk-button-primary\" href=\"https:\/\/giftled.eu\/wp-content\/uploads\/2024\/09\/4.-Trzesienia-ziemi-i-nastepstwa.pdf\" target=\"_blank\" rel=\"noopener\">4. Trz\u0119sienia ziemi i nast\u0119pstwa<\/a><\/p>\n<p><a class=\"uk-button uk-button-primary\" href=\"https:\/\/giftled.eu\/wp-content\/uploads\/2024\/09\/5.-Geometria-trojwymiarowa.pdf\" target=\"_blank\" rel=\"noopener\">5. Geometria tr\u00f3jwymiarowa<\/a><\/p>\n<p><a class=\"uk-button uk-button-primary\" href=\"https:\/\/giftled.eu\/wp-content\/uploads\/2024\/09\/6.-Poznaj-ksztalty-geometryczne.pdf\" target=\"_blank\" rel=\"noopener\">6. Poznaj kszta\u0142ty geometryczne<\/a><\/p>\n<p><a class=\"uk-button uk-button-primary\" href=\"https:\/\/giftled.eu\/wp-content\/uploads\/2024\/09\/7.-Wirtualna-wystawa-sztuki.pdf\" target=\"_blank\" rel=\"noopener\">7. Wirtualna wystawa sztuki<\/a><\/p>\n<\/div>\n<\/div>\n<\/div>\n<hr>\n<h2>Filmy wprowadzaj\u0105ce do zestawu narz\u0119dzi (TIVs)<\/h2>\n<div>\n<p><strong>Filmy wprowadzaj\u0105ce do zestawu narz\u0119dzi (TIVs)<\/strong> zostan\u0105 zaprojektowane dla ka\u017cdej aplikacji cyfrowej i rozszerzonej rzeczywisto\u015bci, kt\u00f3ra b\u0119dzie u\u017cywana w dyscyplinach STEAM. Te filmy poka\u017c\u0105 specyficzne cechy aplikacji i spos\u00f3b, w jaki mo\u017cna je wykorzysta\u0107 w edukacji STEAM w ramach podej\u015bcia \u201enauczanie poprzez projektowanie\u201d.<\/p>\n<\/div>\n<p>\n    <a href=\"\/pl\/toolkit-instruction-videos\/\">Obejrzyj filmy<\/a>\n<\/p>\n<h2>Program nauczania<\/h2>\n<div>\n<p>Zostanie opracowany i zaprojektowany <strong>program nauczania<\/strong>, aby zademonstrowa\u0107, w jaki spos\u00f3b metoda GIFTLED mo\u017ce by\u0107 wykorzystana w dyscyplinach STEAM na rzecz integracji i edukacji uzdolnionych\/utalentowanych os\u00f3b.<\/p>\n<\/div>\n<p>\n    <a href=\"\/wp-content\/uploads\/2025\/01\/GIFTLED_Curriculum-for-Trainers_Modules_PL.pdf\">Pobierz program nauczania<\/a>\n<\/p>\n<hr>\n<p><img decoding=\"async\" src=\"\/wp-content\/uploads\/2023\/03\/toolsvg-1.svg\" alt=\"\"><\/p>\n<p><!--more--><br \/>\n<!-- {\"type\":\"layout\",\"children\":[{\"type\":\"section\",\"props\":{\"image_position\":\"center-center\",\"padding_remove_bottom\":true,\"padding_remove_top\":true,\"style\":\"default\",\"title_breakpoint\":\"xl\",\"title_position\":\"top-left\",\"title_rotation\":\"left\",\"vertical_align\":\"middle\",\"width\":\"default\"},\"children\":[{\"type\":\"row\",\"children\":[{\"type\":\"column\",\"props\":{\"image_position\":\"center-center\",\"media_overlay_gradient\":\"\",\"position_sticky_breakpoint\":\"m\"},\"children\":[{\"type\":\"image\",\"props\":{\"class\":\"logo-other\",\"image\":\"wp-content\\\/uploads\\\/2023\\\/03\\\/logo-other-page-1.svg\",\"image_svg_color\":\"emphasis\",\"margin\":\"default\"}},{\"type\":\"breadcrumbs\",\"props\":{\"show_current\":true,\"show_home\":true}},{\"type\":\"headline\",\"props\":{\"text_align\":\"left\",\"title_color\":\"success\",\"title_element\":\"h2\",\"title_style\":\"h2\"},\"name\":\"headline-pages\",\"source\":{\"query\":{\"name\":\"pages.singlePage\"},\"props\":{\"content\":{\"filters\":{\"search\":\"\"},\"name\":\"title\"}}}}]}]}],\"name\":\"otherpagehead\"},{\"type\":\"section\",\"props\":{\"class\":\"bg-blue\",\"image_position\":\"center-center\",\"padding\":\"small\",\"padding_remove_bottom\":true,\"padding_remove_top\":false,\"status\":\"disabled\",\"style\":\"default\",\"title_breakpoint\":\"xl\",\"title_position\":\"top-left\",\"title_rotation\":\"left\",\"vertical_align\":\"middle\",\"width\":\"default\"},\"children\":[{\"type\":\"row\",\"props\":{\"layout\":\"1-2,1-2\"},\"children\":[{\"type\":\"column\",\"props\":{\"image_position\":\"center-center\",\"media_overlay_gradient\":\"\",\"position_sticky_breakpoint\":\"m\",\"width_medium\":\"1-2\"},\"children\":[{\"type\":\"text\",\"props\":{\"class\":\"color-w\",\"column_breakpoint\":\"m\",\"content\":\"\n\n<div id=\\\"Content\\\">\\n\n\n<div class=\\\"boxed\\\">\\n\n\n<div id=\\\"lipsum\\\">\\n\n\n<p><span>Zestaw narz\\u0119dzi zawiera okre\\u015blone zasoby szkoleniowe\\\/dydaktyczne, kt\\u00f3re b\\u0119d\\u0105 wykorzystywane w ramach metody GIFTLED w edukacji STEAM.<\\\/span><\\\/p>\\n\n\n<p><span>Celami szczeg\\u00f3\\u0142owymi b\\u0119dzie wypracowanie nast\\u0119puj\\u0105cych rezultat\\u00f3w:\\u00a0<\\\/span><\\\/p>\\n\n\n<ul>\\n\n\n<li aria-level=\\\"1\\\"><span>Pierwszym rezultatem jest <\\\/span><b>podr\\u0119cznik dla nauczyciela\\\/instruktora<\\\/b><span>. Podr\\u0119cznik jest przewodnikiem w zakresie uzdolnie\\u0144, STEAM i podej\\u015bcia edukacyjnego \\u201euczenia si\\u0119 przez projektowanie\\u201d, a na ko\\u0144cu metody GiftLed.<\\\/span><\\\/li>\\n\n\n<li aria-level=\\\"1\\\"><b>Filmy wprowadzaj\\u0105ce do zestawu narz\\u0119dzi (TIVs) <\\\/b><span>zostan\\u0105 zaprojektowane dla ka\\u017cdej aplikacji cyfrowej i rozszerzonej rzeczywisto\\u015bci, kt\\u00f3ra b\\u0119dzie u\\u017cywana w dyscyplinach STEAM. Te filmy poka\\u017c\\u0105 specyficzne cechy aplikacji i spos\\u00f3b, w jaki mo\\u017cna je wykorzysta\\u0107 w edukacji STEAM w ramach podej\\u015bcia \\u201enauczanie poprzez projektowanie\\u201d.<\\\/span><\\\/li>\\n\n\n<li aria-level=\\\"1\\\"><b>Broszura ze studium przypadk\\u00f3w rozszerzonej rzeczywisto\\u015bci<\\\/b><span>; ten zas\\u00f3b zawiera informacje, jak u\\u017cywa\\u0107 rozszerzonej rzeczywisto\\u015bci w okre\\u015blonym scenariuszu.\\u00a0<\\\/span><\\\/li>\\n\n\n<li aria-level=\\\"1\\\"><span>Zostanie opracowany i zaprojektowany <\\\/span><b>program nauczania<\\\/b><span>, aby zademonstrowa\\u0107, w jaki spos\\u00f3b metoda GIFTLED mo\\u017ce by\\u0107 wykorzystana w dyscyplinach STEAM na rzecz integracji i edukacji uzdolnionych\\\/utalentowanych os\\u00f3b.<br \\\/><\\\/span><\\\/li>\\n<\\\/ul>\\n<\\\/div>\\n<\\\/div>\\n<\\\/div>\",\"css\":\".el-element{\\n    color:#000000; \\n}\",\"margin\":\"default\"}}]},{\"type\":\"column\",\"props\":{\"image_position\":\"center-center\",\"media_overlay_gradient\":\"\",\"position_sticky_breakpoint\":\"m\",\"width_medium\":\"1-2\"},\"children\":[{\"type\":\"image\",\"props\":{\"class\":\"svele\",\"image\":\"wp-content\\\/uploads\\\/2023\\\/03\\\/toolsvg-1.svg\",\"image_svg_color\":\"emphasis\",\"margin\":\"default\"}}]}]}],\"name\":\"OLD\"},{\"type\":\"section\",\"props\":{\"animation\":\"fade\",\"animation_delay\":\"200\",\"class\":\"bg-blue\",\"image_position\":\"center-center\",\"padding\":\"small\",\"padding_remove_bottom\":false,\"padding_remove_top\":false,\"style\":\"default\",\"title_breakpoint\":\"xl\",\"title_position\":\"top-left\",\"title_rotation\":\"left\",\"vertical_align\":\"middle\",\"width\":\"default\"},\"children\":[{\"type\":\"row\",\"children\":[{\"type\":\"column\",\"props\":{\"image_position\":\"center-center\",\"media_overlay_gradient\":\"\",\"position_sticky_breakpoint\":\"m\"},\"children\":[{\"type\":\"text\",\"props\":{\"column_breakpoint\":\"m\",\"content\":\"Zestaw narz\\u0119dzi zawiera okre\\u015blone zasoby szkoleniowe\\\/dydaktyczne, kt\\u00f3re b\\u0119d\\u0105 wykorzystywane w ramach metody GIFTLED w edukacji STEAM.\",\"css\":\".el-element {\\n\\tcolor: #fff;\\n}\",\"margin\":\"default\",\"text_style\":\"lead\"},\"name\":\"Intro text\"}]}]},{\"type\":\"row\",\"props\":{\"divider\":true,\"layout\":\"1-2,1-2\",\"width_expand\":\"right\"},\"children\":[{\"type\":\"column\",\"props\":{\"image_position\":\"center-center\",\"media_overlay_gradient\":\"\",\"position_sticky_breakpoint\":\"m\",\"width_medium\":\"1-2\"},\"children\":[{\"type\":\"headline\",\"props\":{\"content\":\"podr\\u0119cznik dla nauczyciela\\\/instruktora\",\"text_align\":\"left\",\"title_color\":\"primary\",\"title_element\":\"h2\",\"title_style\":\"h2\"},\"name\":\"1. Handbook for Teachers\"},{\"type\":\"text\",\"props\":{\"class\":\"color-w\",\"column_breakpoint\":\"m\",\"content\":\"\n\n<p>Pierwszym rezultatem jest <strong>podr\\u0119cznik dla nauczyciela\\\/instruktora<\\\/strong>. Podr\\u0119cznik jest przewodnikiem w zakresie uzdolnie\\u0144, STEAM i podej\\u015bcia edukacyjnego \\u201euczenia si\\u0119 przez projektowanie\\u201d, a na ko\\u0144cu metody GiftLed.<\\\/p>\",\"css\":\".el-element{\\n    color:#000000; \\n}\",\"margin\":\"default\"},\"name\":\"Handbook text\"},{\"type\":\"button\",\"props\":{\"grid_column_gap\":\"small\",\"grid_row_gap\":\"small\",\"margin\":\"default\"},\"children\":[{\"type\":\"button_item\",\"props\":{\"button_style\":\"primary\",\"content\":\"PODR\\u0118CZNIK DLA NAUCZYCIELI\",\"icon_align\":\"left\",\"link\":\"https:\\\/\\\/giftled.eu\\\/wp-content\\\/uploads\\\/2024\\\/03\\\/GIFTLED-Learning-by-Design-Method-in-My-Educational-Work-Handbook-For-Teachers_final-for-tranlsation-PL-rev.pdf\",\"link_target\":\"blank\"}}]}]},{\"type\":\"column\",\"props\":{\"image_position\":\"center-center\",\"media_overlay_gradient\":\"\",\"position_sticky_breakpoint\":\"m\",\"width_medium\":\"1-2\"},\"children\":[{\"type\":\"headline\",\"props\":{\"content\":\"Broszura ze studium przypadk\\u00f3w rozszerzonej rzeczywisto\\u015bci;\",\"text_align\":\"left\",\"title_color\":\"primary\",\"title_element\":\"h2\",\"title_style\":\"h2\"},\"name\":\"3. AR case studies\"},{\"type\":\"text\",\"props\":{\"class\":\"color-w\",\"column_breakpoint\":\"m\",\"content\":\"\n\n<p><strong>Broszura ze studium przypadk\\u00f3w rozszerzonej rzeczywisto\\u015bci<\\\/strong>; ten zas\\u00f3b zawiera informacje, jak u\\u017cywa\\u0107 rozszerzonej rzeczywisto\\u015bci w okre\\u015blonym scenariuszu.<\\\/p>\",\"css\":\".el-element{\\n    color:#000000; \\n}\",\"margin\":\"default\"},\"name\":\"AR text\"},{\"type\":\"text\",\"props\":{\"class\":\"color-w\",\"column_breakpoint\":\"m\",\"content\":\"\n\n<p><a class=\\\"uk-button uk-button-primary uk-text-uppercase\\\" href=\\\"#modal-ar-case-studies\\\" uk-toggle=\\\"\\\">Otw\\u00f3rz<\\\/a><\\\/p>\\n\n\n<div id=\\\"modal-ar-case-studies\\\" class=\\\"uk-flex-top\\\" uk-modal=\\\"\\\">\\n\n\n<div class=\\\"uk-modal-dialog uk-modal-body uk-margin-auto-vertical\\\"><button class=\\\"uk-modal-close-default\\\" type=\\\"button\\\" uk-close=\\\"\\\"><\\\/button>\\n\n\n<p>Broszura ze studium przypadk\\u00f3w rozszerzonej rzeczywisto\\u015bci; ten zas\\u00f3b zawiera informacje, jak u\\u017cywa\\u0107 rozszerzonej rzeczywisto\\u015bci w okre\\u015blonym scenariuszu.<\\\/p>\\n\\n\n\n<p><a class=\\\"uk-button uk-button-primary\\\" href=\\\"https:\\\/\\\/giftled.eu\\\/wp-content\\\/uploads\\\/2024\\\/09\\\/1.-Obwody-elektryczne-w-fizyce.pdf\\\" target=\\\"_blank\\\" rel=\\\"noopener\\\">1. Obwody elektryczne w fizyce<\\\/a><\\\/p>\\n\\n\n\n<p><a class=\\\"uk-button uk-button-primary\\\" href=\\\"https:\\\/\\\/giftled.eu\\\/wp-content\\\/uploads\\\/2024\\\/09\\\/2.-Od-jaskin-do-nowoczesnosci.pdf\\\" target=\\\"_blank\\\" rel=\\\"noopener\\\">2. Od jaski\\u0144 do nowoczesno\\u015bci<\\\/a><\\\/p>\\n\\n\\n\n\n<p><a class=\\\"uk-button uk-button-primary\\\" href=\\\"https:\\\/\\\/giftled.eu\\\/wp-content\\\/uploads\\\/2024\\\/09\\\/3.-Turbiny-wiatrowe.pdf\\\" target=\\\"_blank\\\" rel=\\\"noopener\\\">3. Turbiny wiatrowe<\\\/a><\\\/p>\\n\\n\n\n<p><a class=\\\"uk-button uk-button-primary\\\" href=\\\"https:\\\/\\\/giftled.eu\\\/wp-content\\\/uploads\\\/2024\\\/09\\\/4.-Trzesienia-ziemi-i-nastepstwa.pdf\\\" target=\\\"_blank\\\" rel=\\\"noopener\\\">4. Trz\\u0119sienia ziemi i nast\\u0119pstwa<\\\/a><\\\/p>\\n\\n\n\n<p><a class=\\\"uk-button uk-button-primary\\\" href=\\\"https:\\\/\\\/giftled.eu\\\/wp-content\\\/uploads\\\/2024\\\/09\\\/5.-Geometria-trojwymiarowa.pdf\\\" target=\\\"_blank\\\" rel=\\\"noopener\\\">5. Geometria tr\\u00f3jwymiarowa<\\\/a><\\\/p>\\n\\n\n\n<p><a class=\\\"uk-button uk-button-primary\\\" href=\\\"https:\\\/\\\/giftled.eu\\\/wp-content\\\/uploads\\\/2024\\\/09\\\/6.-Poznaj-ksztalty-geometryczne.pdf\\\" target=\\\"_blank\\\" rel=\\\"noopener\\\">6. Poznaj kszta\\u0142ty geometryczne<\\\/a><\\\/p>\\n\\n\n\n<p><a class=\\\"uk-button uk-button-primary\\\" href=\\\"https:\\\/\\\/giftled.eu\\\/wp-content\\\/uploads\\\/2024\\\/09\\\/7.-Wirtualna-wystawa-sztuki.pdf\\\" target=\\\"_blank\\\" rel=\\\"noopener\\\">7. Wirtualna wystawa sztuki<\\\/a><\\\/p>\\n<\\\/div>\\n<\\\/div>\",\"css\":\".el-element{\\n    color:#000000; \\n}\",\"margin\":\"default\"},\"name\":\"Modal\"}]}]},{\"type\":\"row\",\"children\":[{\"type\":\"column\",\"props\":{\"image_position\":\"center-center\",\"media_overlay_gradient\":\"\",\"position_sticky_breakpoint\":\"m\"},\"children\":[{\"type\":\"divider\",\"props\":{\"css\":\".el-element {\\n\\tvisibility: hidden;\\n}\",\"divider_element\":\"hr\"}}]}]},{\"type\":\"row\",\"props\":{\"divider\":true,\"layout\":\"1-2,1-2\",\"match\":true,\"status\":\"\"},\"children\":[{\"type\":\"column\",\"props\":{\"image_position\":\"center-center\",\"media_overlay_gradient\":\"\",\"position_sticky_breakpoint\":\"m\",\"width_medium\":\"1-2\"},\"children\":[{\"type\":\"headline\",\"props\":{\"content\":\"Filmy wprowadzaj\\u0105ce do zestawu narz\\u0119dzi (TIVs)\",\"text_align\":\"left\",\"title_color\":\"primary\",\"title_element\":\"h2\",\"title_style\":\"h2\"},\"name\":\"2. Toolkit Instruction Videos\"},{\"type\":\"text\",\"props\":{\"class\":\"color-w\",\"column_breakpoint\":\"m\",\"content\":\"\n\n<p><strong>Filmy wprowadzaj\\u0105ce do zestawu narz\\u0119dzi (TIVs)<\\\/strong> zostan\\u0105 zaprojektowane dla ka\\u017cdej aplikacji cyfrowej i rozszerzonej rzeczywisto\\u015bci, kt\\u00f3ra b\\u0119dzie u\\u017cywana w dyscyplinach STEAM. Te filmy poka\\u017c\\u0105 specyficzne cechy aplikacji i spos\\u00f3b, w jaki mo\\u017cna je wykorzysta\\u0107 w edukacji STEAM w ramach podej\\u015bcia \\u201enauczanie poprzez projektowanie\\u201d.<\\\/p>\",\"css\":\".el-element{\\n    color:#000000; \\n}\",\"margin\":\"default\"}},{\"type\":\"button\",\"props\":{\"class\":\"\",\"css\":\".el-content {\\n\\ttext-transform: uppercase;\\n}\",\"grid_column_gap\":\"small\",\"grid_row_gap\":\"small\",\"margin\":\"default\"},\"children\":[{\"type\":\"button_item\",\"props\":{\"button_style\":\"primary\",\"content\":\"Obejrzyj filmy\",\"icon_align\":\"left\",\"link\":\"\\\/pl\\\/toolkit-instruction-videos\\\/\",\"link_target\":\"blank\"}}],\"name\":\"WATCH THE VIDEOS\"}]},{\"type\":\"column\",\"props\":{\"image_position\":\"center-center\",\"media_overlay_gradient\":\"\",\"position_sticky_breakpoint\":\"m\",\"width_medium\":\"1-2\"},\"children\":[{\"type\":\"headline\",\"props\":{\"content\":\"Program nauczania\",\"text_align\":\"left\",\"title_color\":\"primary\",\"title_element\":\"h2\",\"title_style\":\"h2\"},\"name\":\"4. Curriculum\"},{\"type\":\"text\",\"props\":{\"class\":\"color-w\",\"column_breakpoint\":\"m\",\"content\":\"\n\n<p>Zostanie opracowany i zaprojektowany <strong>program nauczania<\\\/strong>, aby zademonstrowa\\u0107, w jaki spos\\u00f3b metoda GIFTLED mo\\u017ce by\\u0107 wykorzystana w dyscyplinach STEAM na rzecz integracji i edukacji uzdolnionych\\\/utalentowanych os\\u00f3b.<\\\/p>\",\"css\":\".el-element{\\n    color:#000000; \\n}\",\"margin\":\"default\"}},{\"type\":\"button\",\"props\":{\"grid_column_gap\":\"small\",\"grid_row_gap\":\"small\",\"margin\":\"default\"},\"children\":[{\"type\":\"button_item\",\"props\":{\"button_style\":\"primary\",\"content\":\"Pobierz program nauczania\",\"icon_align\":\"left\",\"link\":\"wp-content\\\/uploads\\\/2025\\\/01\\\/GIFTLED_Curriculum-for-Trainers_Modules_PL.pdf\",\"link_target\":\"blank\"}}],\"name\":\"COMING SOON btn\"}]}]},{\"type\":\"row\",\"children\":[{\"type\":\"column\",\"props\":{\"image_position\":\"center-center\",\"media_overlay_gradient\":\"\",\"position_sticky_breakpoint\":\"m\"},\"children\":[{\"type\":\"divider\",\"props\":{\"css\":\".el-element {\\n\\tvisibility: hidden;\\n}\",\"divider_element\":\"hr\"}}]}]},{\"type\":\"row\",\"props\":{\"divider\":false,\"layout\":\"1-2,1-2\",\"width_expand\":\"right\"},\"children\":[{\"type\":\"column\",\"props\":{\"image_position\":\"center-center\",\"media_overlay_gradient\":\"\",\"position_sticky_breakpoint\":\"m\",\"width_medium\":\"1-2\"},\"children\":[{\"type\":\"text\",\"props\":{\"class\":\"color-w\",\"column_breakpoint\":\"m\",\"content\":\"\n\n<div id=\\\"Content\\\">\\n\n\n<div class=\\\"boxed\\\">\\n\n\n<div id=\\\"lipsum\\\">\\n\n\n<p><span>The Toolkit includes specific training\\\/teaching resources which will be used through GIFTLED method in STEAM education.<\\\/span><\\\/p>\\n\n\n<p><span>The specific objectives will be developing the following results:\\u00a0<\\\/span><\\\/p>\\n\n\n<ul>\\n\n\n<li aria-level=\\\"1\\\"><span>The first result is a <\\\/span><b>teacher\\\/trainer\\u2019s handbook<\\\/b><span>. The handbook guides teacher\\\/trainer in terms of giftedness, STEAM, and the \\u201clearning by design\\u201d educational approach, finally the GiftLed Method.<\\\/span><\\\/li>\\n\n\n<li aria-level=\\\"1\\\"><span>The <\\\/span><b>Toolkit Introduction Videos (TIVs)<\\\/b><span> will be designed for each digital and augmented reality applications that will be used in STEAM disciplines. These videos will demonstrate the specific features of applications and how they can be used in STEAM education within \\u201clearning by design\\u201d approach.<\\\/span><\\\/li>\\n\n\n<li aria-level=\\\"1\\\"><span>The <\\\/span><b>augmented reality case studies brochure<\\\/b><span>; this resource contains information how to use augmented reality application with a specific scenario.\\u00a0<\\\/span><\\\/li>\\n\n\n<li aria-level=\\\"1\\\"><span>A <\\\/span><b>curriculum<\\\/b><span> will be developed and designed to demonstrate how the GIFTLED method can be used in STEAM disciplines<\\\/span><span><br \\\/><\\\/span><span>for inclusion and education of gifted\\\/talented individuals.\\u00a0<\\\/span><\\\/li>\\n<\\\/ul>\\n<\\\/div>\\n<\\\/div>\\n<\\\/div>\",\"css\":\".el-element{\\n    color:#000000; \\n}\",\"margin\":\"default\",\"status\":\"disabled\"},\"name\":\"BKP text\"}]},{\"type\":\"column\",\"props\":{\"image_position\":\"center-center\",\"media_overlay_gradient\":\"\",\"position_sticky_breakpoint\":\"m\",\"width_medium\":\"1-2\"},\"children\":[{\"type\":\"image\",\"props\":{\"class\":\"DDsvele\",\"css\":\".el-image {\\n\\tmax-width: 340px;\\n}\",\"image\":\"wp-content\\\/uploads\\\/2023\\\/03\\\/toolsvg-1.svg\",\"image_svg_color\":\"emphasis\",\"image_width\":\"300\",\"margin\":\"default\",\"text_align\":\"right\",\"visibility\":\"m\"}}]}]}],\"name\":\"FINAL RESULTS PAGE - SECTION\"}],\"version\":\"3.0.20\"} --><\/p>\n","protected":false},"excerpt":{"rendered":"<p>Zestaw narz\u0119dzi zawiera okre\u015blone zasoby szkoleniowe\/dydaktyczne, kt\u00f3re b\u0119d\u0105 wykorzystywane w ramach metody GIFTLED w edukacji STEAM. podr\u0119cznik dla nauczyciela\/instruktora Pierwszym rezultatem jest podr\u0119cznik dla nauczyciela\/instruktora&#8230;<\/p>\n","protected":false},"author":1,"featured_media":0,"parent":0,"menu_order":0,"comment_status":"closed","ping_status":"closed","template":"","meta":{"_acf_changed":false,"inline_featured_image":false,"footnotes":""},"class_list":["post-1482","page","type-page","status-publish","hentry"],"acf":[],"_links":{"self":[{"href":"https:\/\/giftled.eu\/pl\/wp-json\/wp\/v2\/pages\/1482","targetHints":{"allow":["GET"]}}],"collection":[{"href":"https:\/\/giftled.eu\/pl\/wp-json\/wp\/v2\/pages"}],"about":[{"href":"https:\/\/giftled.eu\/pl\/wp-json\/wp\/v2\/types\/page"}],"author":[{"embeddable":true,"href":"https:\/\/giftled.eu\/pl\/wp-json\/wp\/v2\/users\/1"}],"replies":[{"embeddable":true,"href":"https:\/\/giftled.eu\/pl\/wp-json\/wp\/v2\/comments?post=1482"}],"version-history":[{"count":9,"href":"https:\/\/giftled.eu\/pl\/wp-json\/wp\/v2\/pages\/1482\/revisions"}],"predecessor-version":[{"id":2598,"href":"https:\/\/giftled.eu\/pl\/wp-json\/wp\/v2\/pages\/1482\/revisions\/2598"}],"wp:attachment":[{"href":"https:\/\/giftled.eu\/pl\/wp-json\/wp\/v2\/media?parent=1482"}],"curies":[{"name":"wp","href":"https:\/\/api.w.org\/{rel}","templated":true}]}}