{"id":1486,"date":"2022-02-24T14:11:37","date_gmt":"2022-02-24T14:11:37","guid":{"rendered":"https:\/\/giftled.eu\/elearning\/"},"modified":"2022-02-24T14:11:37","modified_gmt":"2022-02-24T14:11:37","slug":"elearning","status":"publish","type":"page","link":"https:\/\/giftled.eu\/pl\/elearning\/","title":{"rendered":"E-learning"},"content":{"rendered":"<p><img decoding=\"async\" src=\"\/wp-content\/uploads\/2023\/03\/logo-other-page-1.svg\" alt=\"\"><\/p>\n<h2>E-learning<\/h2>\n<div>\n<div id=\"Content\">\n<div class=\"boxed\">\n<div id=\"lipsum\">\n<p>Portal webowy dostarczy projektowi GiftLED<br \/>zasob\u00f3w, tak aby mo\u017cna by\u0142o do nich \u0142atwo i w jednolity spos\u00f3b uzyska\u0107 dost\u0119p. Poniewa\u017c celem projektu jest dostarczenie tre\u015bci zar\u00f3wno do nauczycieli, jak i do uczni\u00f3w, portal b\u0119dzie r\u00f3wnie\u017c udost\u0119pnia\u0142 tre\u015bci w surowym formacie. B\u0119dzie sk\u0142ada\u0142 si\u0119 z szeregu \u017ar\u00f3de\u0142 cyfrowych opracowanych w ramach projektu (podr\u0119cznik, filmy, studia przypadk\u00f3w AR, szablony, do\u015bwiadczenia rzeczywisto\u015bci rozszerzonej (AR) i<br \/>studium pzypadk\u00f3w).<\/p>\n<\/div>\n<\/div>\n<\/div>\n<\/div>\n<p>\n    <a href=\"#comingsoon\">ODWIED\u0179 PLATFORM\u0118<\/a>\n<\/p>\n<p><img decoding=\"async\" src=\"\/wp-content\/uploads\/2023\/03\/elearningsvg-1.svg\" alt=\"\"><\/p>\n<p><!--more--><br \/>\n<!-- {\"type\":\"layout\",\"children\":[{\"type\":\"section\",\"props\":{\"image_position\":\"center-center\",\"padding_remove_bottom\":true,\"padding_remove_top\":true,\"style\":\"default\",\"title_breakpoint\":\"xl\",\"title_position\":\"top-left\",\"title_rotation\":\"left\",\"vertical_align\":\"middle\",\"width\":\"default\"},\"children\":[{\"type\":\"row\",\"children\":[{\"type\":\"column\",\"props\":{\"image_position\":\"center-center\",\"media_overlay_gradient\":\"\",\"position_sticky_breakpoint\":\"m\"},\"children\":[{\"type\":\"image\",\"props\":{\"class\":\"logo-other\",\"image\":\"wp-content\\\/uploads\\\/2023\\\/03\\\/logo-other-page-1.svg\",\"image_svg_color\":\"emphasis\",\"margin\":\"default\"}},{\"type\":\"breadcrumbs\",\"props\":{\"show_current\":true,\"show_home\":true}},{\"type\":\"headline\",\"props\":{\"content\":\"<br \\\/>E-learning\",\"text_align\":\"left\",\"title_color\":\"success\",\"title_element\":\"h2\",\"title_style\":\"h2\"},\"name\":\"headline-pages\"}]}]}],\"name\":\"otherpagehead\"},{\"type\":\"section\",\"props\":{\"class\":\"bg-green\",\"image_position\":\"center-center\",\"padding\":\"small\",\"padding_remove_bottom\":true,\"padding_remove_top\":false,\"style\":\"default\",\"title_breakpoint\":\"xl\",\"title_position\":\"top-left\",\"title_rotation\":\"left\",\"vertical_align\":\"middle\",\"width\":\"default\"},\"children\":[{\"type\":\"row\",\"props\":{\"layout\":\"1-2,1-2\"},\"children\":[{\"type\":\"column\",\"props\":{\"image_position\":\"center-center\",\"media_overlay_gradient\":\"\",\"position_sticky_breakpoint\":\"m\",\"width_medium\":\"1-2\"},\"children\":[{\"type\":\"text\",\"props\":{\"class\":\"color-w\",\"column_breakpoint\":\"m\",\"content\":\"\n\n<div id=\\\"Content\\\">\\n\n\n<div class=\\\"boxed\\\">\\n\n\n<div id=\\\"lipsum\\\">\\n\n\n<p>Portal webowy dostarczy projektowi GiftLED<br \\\/>zasob\\u00f3w, tak aby mo\\u017cna by\\u0142o do nich \\u0142atwo i w jednolity spos\\u00f3b uzyska\\u0107 dost\\u0119p. Poniewa\\u017c celem projektu jest dostarczenie tre\\u015bci zar\\u00f3wno do nauczycieli, jak i do uczni\\u00f3w, portal b\\u0119dzie r\\u00f3wnie\\u017c udost\\u0119pnia\\u0142 tre\\u015bci w surowym formacie. B\\u0119dzie sk\\u0142ada\\u0142 si\\u0119 z szeregu \\u017ar\\u00f3de\\u0142 cyfrowych opracowanych w ramach projektu (podr\\u0119cznik, filmy, studia przypadk\\u00f3w AR, szablony, do\\u015bwiadczenia rzeczywisto\\u015bci rozszerzonej (AR) i<br \\\/>studium pzypadk\\u00f3w).<\\\/p>\\n<\\\/div>\\n<\\\/div>\\n<\\\/div>\",\"css\":\".el-element{\\n    color:#000000; \\n}\",\"margin\":\"default\"}},{\"type\":\"button\",\"props\":{\"grid_column_gap\":\"small\",\"grid_row_gap\":\"small\",\"margin\":\"default\"},\"children\":[{\"type\":\"button_item\",\"props\":{\"button_style\":\"primary\",\"content\":\"ODWIED\\u0179 PLATFORM\\u0118\",\"icon_align\":\"left\",\"link\":\"#comingsoon\"}}]}]},{\"type\":\"column\",\"props\":{\"image_position\":\"center-center\",\"media_overlay_gradient\":\"\",\"position_sticky_breakpoint\":\"m\",\"width_medium\":\"1-2\"},\"children\":[{\"type\":\"image\",\"props\":{\"class\":\"svele\",\"image\":\"wp-content\\\/uploads\\\/2023\\\/03\\\/elearningsvg-1.svg\",\"image_svg_color\":\"emphasis\",\"margin\":\"default\"}}]}]}]}],\"version\":\"3.0.20\"} --><\/p>\n","protected":false},"excerpt":{"rendered":"<p>E-learning Portal webowy dostarczy projektowi GiftLEDzasob\u00f3w, tak aby mo\u017cna by\u0142o do nich \u0142atwo i w jednolity spos\u00f3b uzyska\u0107 dost\u0119p. Poniewa\u017c celem projektu jest dostarczenie tre\u015bci..<\/p>\n","protected":false},"author":1,"featured_media":0,"parent":0,"menu_order":0,"comment_status":"closed","ping_status":"closed","template":"","meta":{"_acf_changed":false,"inline_featured_image":false,"footnotes":""},"class_list":["post-1486","page","type-page","status-publish","hentry"],"acf":[],"_links":{"self":[{"href":"https:\/\/giftled.eu\/pl\/wp-json\/wp\/v2\/pages\/1486","targetHints":{"allow":["GET"]}}],"collection":[{"href":"https:\/\/giftled.eu\/pl\/wp-json\/wp\/v2\/pages"}],"about":[{"href":"https:\/\/giftled.eu\/pl\/wp-json\/wp\/v2\/types\/page"}],"author":[{"embeddable":true,"href":"https:\/\/giftled.eu\/pl\/wp-json\/wp\/v2\/users\/1"}],"replies":[{"embeddable":true,"href":"https:\/\/giftled.eu\/pl\/wp-json\/wp\/v2\/comments?post=1486"}],"version-history":[{"count":0,"href":"https:\/\/giftled.eu\/pl\/wp-json\/wp\/v2\/pages\/1486\/revisions"}],"wp:attachment":[{"href":"https:\/\/giftled.eu\/pl\/wp-json\/wp\/v2\/media?parent=1486"}],"curies":[{"name":"wp","href":"https:\/\/api.w.org\/{rel}","templated":true}]}}