{"id":1349,"date":"2022-02-24T14:11:37","date_gmt":"2022-02-24T14:11:37","guid":{"rendered":"https:\/\/giftled.eu\/elearning\/"},"modified":"2023-07-31T10:23:34","modified_gmt":"2023-07-31T10:23:34","slug":"elearning","status":"publish","type":"page","link":"https:\/\/giftled.eu\/tr\/elearning\/","title":{"rendered":"E-\u00d6\u011frenme"},"content":{"rendered":"<p><img decoding=\"async\" src=\"\/wp-content\/uploads\/2023\/03\/logo-other-page-1.svg\" alt=\"\"><\/p>\n<h2>E-\u00d6\u011frenme<\/h2>\n<div>\n<div id=\"Content\">\n<div class=\"boxed\">\n<div id=\"lipsum\">\n<p>Web Portal\u0131, GiftLED kaynaklar\u0131n\u0131 bir araya getirecek ve b\u00f6ylece bu kaynaklara tek tip bir \u015fekilde kolayca eri\u015filebilecektir. Projenin amac\u0131 hem e\u011fitmenlere hem de \u00f6\u011frencilere i\u00e7erik sa\u011flamak oldu\u011fundan, portal ham formatta i\u00e7erik de sa\u011flayacakt\u0131r. Portal, proje s\u00fcresince geli\u015ftirilen bir dizi dijital kaynaktan (el kitab\u0131, videolar, AR vaka \u00e7al\u0131\u015fmalar\u0131, \u015fablonlar, Art\u0131r\u0131lm\u0131\u015f Ger\u00e7eklik (AR) deneyimleri ve vaka \u00e7al\u0131\u015fmalar\u0131) olu\u015facakt\u0131r.<\/p>\n<\/div>\n<\/div>\n<\/div>\n<\/div>\n<p>\n    <a href=\"#comingsoon\">PLATFORMU Z\u0130YARET ET<\/a>\n<\/p>\n<p><img decoding=\"async\" src=\"\/wp-content\/uploads\/2023\/03\/elearningsvg-1.svg\" alt=\"\"><\/p>\n<p><!--more--><br \/>\n<!-- {\"type\":\"layout\",\"children\":[{\"type\":\"section\",\"props\":{\"image_position\":\"center-center\",\"padding_remove_bottom\":true,\"padding_remove_top\":true,\"style\":\"default\",\"title_breakpoint\":\"xl\",\"title_position\":\"top-left\",\"title_rotation\":\"left\",\"vertical_align\":\"middle\",\"width\":\"default\"},\"children\":[{\"type\":\"row\",\"children\":[{\"type\":\"column\",\"props\":{\"image_position\":\"center-center\",\"media_overlay_gradient\":\"\",\"position_sticky_breakpoint\":\"m\"},\"children\":[{\"type\":\"image\",\"props\":{\"class\":\"logo-other\",\"image\":\"wp-content\\\/uploads\\\/2023\\\/03\\\/logo-other-page-1.svg\",\"image_svg_color\":\"emphasis\",\"margin\":\"default\"}},{\"type\":\"breadcrumbs\",\"props\":{\"show_current\":true,\"show_home\":true}},{\"type\":\"headline\",\"props\":{\"content\":\"E-\\u00d6\\u011frenme\",\"text_align\":\"left\",\"title_color\":\"success\",\"title_element\":\"h2\",\"title_style\":\"h2\"},\"name\":\"headline-pages\"}]}]}],\"name\":\"otherpagehead\"},{\"type\":\"section\",\"props\":{\"class\":\"bg-green\",\"image_position\":\"center-center\",\"padding\":\"small\",\"padding_remove_bottom\":true,\"padding_remove_top\":false,\"style\":\"default\",\"title_breakpoint\":\"xl\",\"title_position\":\"top-left\",\"title_rotation\":\"left\",\"vertical_align\":\"middle\",\"width\":\"default\"},\"children\":[{\"type\":\"row\",\"props\":{\"layout\":\"1-2,1-2\"},\"children\":[{\"type\":\"column\",\"props\":{\"image_position\":\"center-center\",\"media_overlay_gradient\":\"\",\"position_sticky_breakpoint\":\"m\",\"width_medium\":\"1-2\"},\"children\":[{\"type\":\"text\",\"props\":{\"class\":\"color-w\",\"column_breakpoint\":\"m\",\"content\":\"\n\n<div id=\\\"Content\\\">\\n\n\n<div class=\\\"boxed\\\">\\n\n\n<div id=\\\"lipsum\\\">\\n\n\n<p>Web Portal\\u0131, GiftLED kaynaklar\\u0131n\\u0131 bir araya getirecek ve b\\u00f6ylece bu kaynaklara tek tip bir \\u015fekilde kolayca eri\\u015filebilecektir. Projenin amac\\u0131 hem e\\u011fitmenlere hem de \\u00f6\\u011frencilere i\\u00e7erik sa\\u011flamak oldu\\u011fundan, portal ham formatta i\\u00e7erik de sa\\u011flayacakt\\u0131r. Portal, proje s\\u00fcresince geli\\u015ftirilen bir dizi dijital kaynaktan (el kitab\\u0131, videolar, AR vaka \\u00e7al\\u0131\\u015fmalar\\u0131, \\u015fablonlar, Art\\u0131r\\u0131lm\\u0131\\u015f Ger\\u00e7eklik (AR) deneyimleri ve vaka \\u00e7al\\u0131\\u015fmalar\\u0131) olu\\u015facakt\\u0131r.<\\\/p>\\n<\\\/div>\\n<\\\/div>\\n<\\\/div>\",\"css\":\".el-element{\\n    color:#000000; \\n}\",\"margin\":\"default\"}},{\"type\":\"button\",\"props\":{\"grid_column_gap\":\"small\",\"grid_row_gap\":\"small\",\"margin\":\"default\"},\"children\":[{\"type\":\"button_item\",\"props\":{\"button_style\":\"primary\",\"content\":\"PLATFORMU Z\\u0130YARET ET\",\"icon_align\":\"left\",\"link\":\"#comingsoon\"}}]}]},{\"type\":\"column\",\"props\":{\"image_position\":\"center-center\",\"media_overlay_gradient\":\"\",\"position_sticky_breakpoint\":\"m\",\"width_medium\":\"1-2\"},\"children\":[{\"type\":\"image\",\"props\":{\"class\":\"svele\",\"image\":\"wp-content\\\/uploads\\\/2023\\\/03\\\/elearningsvg-1.svg\",\"image_svg_color\":\"emphasis\",\"margin\":\"default\"}}]}]}]}],\"version\":\"3.0.20\"} --><\/p>\n","protected":false},"excerpt":{"rendered":"<p>E-\u00d6\u011frenme Web Portal\u0131, GiftLED kaynaklar\u0131n\u0131 bir araya getirecek ve b\u00f6ylece bu kaynaklara tek tip bir \u015fekilde kolayca eri\u015filebilecektir. Projenin amac\u0131 hem e\u011fitmenlere hem de \u00f6\u011frencilere..<\/p>\n","protected":false},"author":1,"featured_media":0,"parent":0,"menu_order":0,"comment_status":"closed","ping_status":"closed","template":"","meta":{"_acf_changed":false,"inline_featured_image":false,"footnotes":""},"class_list":["post-1349","page","type-page","status-publish","hentry"],"acf":[],"_links":{"self":[{"href":"https:\/\/giftled.eu\/tr\/wp-json\/wp\/v2\/pages\/1349","targetHints":{"allow":["GET"]}}],"collection":[{"href":"https:\/\/giftled.eu\/tr\/wp-json\/wp\/v2\/pages"}],"about":[{"href":"https:\/\/giftled.eu\/tr\/wp-json\/wp\/v2\/types\/page"}],"author":[{"embeddable":true,"href":"https:\/\/giftled.eu\/tr\/wp-json\/wp\/v2\/users\/1"}],"replies":[{"embeddable":true,"href":"https:\/\/giftled.eu\/tr\/wp-json\/wp\/v2\/comments?post=1349"}],"version-history":[{"count":3,"href":"https:\/\/giftled.eu\/tr\/wp-json\/wp\/v2\/pages\/1349\/revisions"}],"predecessor-version":[{"id":1557,"href":"https:\/\/giftled.eu\/tr\/wp-json\/wp\/v2\/pages\/1349\/revisions\/1557"}],"wp:attachment":[{"href":"https:\/\/giftled.eu\/tr\/wp-json\/wp\/v2\/media?parent=1349"}],"curies":[{"name":"wp","href":"https:\/\/api.w.org\/{rel}","templated":true}]}}