{"id":1354,"date":"2023-03-28T10:03:56","date_gmt":"2023-03-28T10:03:56","guid":{"rendered":"https:\/\/giftled.eu\/toolkit\/"},"modified":"2025-01-13T16:16:50","modified_gmt":"2025-01-13T16:16:50","slug":"toolkit","status":"publish","type":"page","link":"https:\/\/giftled.eu\/tr\/toolkit\/","title":{"rendered":"\u00c7\u0131kt\u0131lar"},"content":{"rendered":"<p><img decoding=\"async\" src=\"\/wp-content\/uploads\/2023\/03\/logo-other-page-1.svg\" alt=\"\"><\/p>\n<div>Ara\u00e7 Kiti, \u00f6zel yetenekli \u00f6\u011frencileirin STEAM e\u011fitiminde GIFTLED y\u00f6ntemi ile kullan\u0131lacak \u00f6zel e\u011fitim\/\u00f6\u011fretim kaynaklar\u0131n\u0131 i\u00e7ermektedir.<\/div>\n<h2>\u00d6\u011fretmen\/e\u011fitmen el kitab\u0131d\u0131r<\/h2>\n<div>\u0130lk sonu\u00e7 bir \u00f6\u011fretmen\/e\u011fitmen el kitab\u0131d\u0131r. El kitab\u0131, \u00f6\u011fretmenlere \u00f6zel yeteneklilik, STEAM ve \u201ctasar\u0131m yoluyla \u00f6\u011frenme\u201d e\u011fitim yakla\u015f\u0131m\u0131, son olarak da GIFTLED Y\u00f6ntemi a\u00e7\u0131s\u0131ndan rehberlik etmektedir.<\/div>\n<p>\n    <a href=\"https:\/\/giftled.eu\/wp-content\/uploads\/2024\/03\/TR-GIFTLED-Learning-by-Design-Method-in-My-Educational-Work-Handbook-For-Teachers.pdf\">\u00d6\u011eRETMENLER \u0130\u00c7\u0130N EL K\u0130TABI<\/a>\n<\/p>\n<h2>AR vaka \u00e7al\u0131\u015fmalar\u0131<\/h2>\n<div>Art\u0131r\u0131lm\u0131\u015f ger\u00e7eklik \u00f6rnek uygulamalar bro\u015f\u00fcr\u00fc; bu kaynak, belirli bir senaryo ile art\u0131r\u0131lm\u0131\u015f ger\u00e7eklik uygulamas\u0131n\u0131n nas\u0131l kullan\u0131laca\u011f\u0131 hakk\u0131nda bilgi i\u00e7erir.<\/div>\n<div>\n<p><a class=\"uk-button uk-button-primary uk-text-uppercase\" href=\"#modal-ar-case-studies\" uk-toggle=\"\">A\u00e7\u0131k<\/a><\/p>\n<div id=\"modal-ar-case-studies\" class=\"uk-flex-top\" uk-modal=\"\">\n<div class=\"uk-modal-dialog uk-modal-body uk-margin-auto-vertical\"><button class=\"uk-modal-close-default\" type=\"button\" uk-close=\"\"><\/button><\/p>\n<p>Art\u0131r\u0131lm\u0131\u015f ger\u00e7eklik \u00f6rnek uygulamalar bro\u015f\u00fcr\u00fc; bu kaynak, belirli bir senaryo ile art\u0131r\u0131lm\u0131\u015f ger\u00e7eklik uygulamas\u0131n\u0131n nas\u0131l kullan\u0131laca\u011f\u0131 hakk\u0131nda bilgi i\u00e7erir.<\/p>\n<p><a class=\"uk-button uk-button-primary\" href=\"https:\/\/giftled.eu\/wp-content\/uploads\/2024\/09\/1.-Fizikte-Elektrik-Devreleri-1.pdf\" target=\"_blank\" rel=\"noopener\">1. Fizikte Elektrik Devreleri<\/a><\/p>\n<p><a class=\"uk-button uk-button-primary\" href=\"https:\/\/giftled.eu\/wp-content\/uploads\/2024\/09\/2.-Magaralardan-Modernlige-1.pdf\" target=\"_blank\" rel=\"noopener\">2. Ma\u011faralardan Modernli\u011fe<\/a><\/p>\n<p><a class=\"uk-button uk-button-primary\" href=\"https:\/\/giftled.eu\/wp-content\/uploads\/2024\/09\/3.-Ruzgar-Turbinlerini-Anlamak-1.pdf\" target=\"_blank\" rel=\"noopener\">3. R\u00fczgar T\u00fcrbinlerini Anlamak<\/a><\/p>\n<p><a class=\"uk-button uk-button-primary\" href=\"https:\/\/giftled.eu\/wp-content\/uploads\/2024\/09\/4.-Depremler-ve-bi\u0307na-tepki\u0307leri\u0307.pdf\" target=\"_blank\" rel=\"noopener\">4. Depremler ve bi\u0307na tepki\u0307leri\u0307<\/a><\/p>\n<p><a class=\"uk-button uk-button-primary\" href=\"https:\/\/giftled.eu\/wp-content\/uploads\/2024\/09\/5.Uc-Boyutlu-Geometri-1.pdf\" target=\"_blank\" rel=\"noopener\">5.\u00dc\u00e7 Boyutlu Geometri<\/a><\/p>\n<p><a class=\"uk-button uk-button-primary\" href=\"https:\/\/giftled.eu\/wp-content\/uploads\/2024\/09\/6.-AG-Matematik-Macerasi-1.pdf\" target=\"_blank\" rel=\"noopener\">6. AG Matematik Maceras\u0131<\/a><\/p>\n<p><a class=\"uk-button uk-button-primary\" href=\"https:\/\/giftled.eu\/wp-content\/uploads\/2024\/09\/7.-Sanal-Sanat-Sergisi-Etkinligi-1.pdf\" target=\"_blank\" rel=\"noopener\">7. Sanal Sanat Sergisi Etkinli\u011fi<\/a><\/p>\n<\/div>\n<\/div>\n<\/div>\n<hr>\n<h2> Ara\u00e7 Seti Tan\u0131t\u0131m Videolar\u0131 (TIVs)<\/h2>\n<div>\n<p>STEAM disiplinlerinde kullan\u0131lacak her bir dijital ve art\u0131r\u0131lm\u0131\u015f ger\u00e7eklik uygulamas\u0131 i\u00e7in Ara\u00e7 Seti Tan\u0131t\u0131m Videolar\u0131 (TIVs) tasarlanacakt\u0131r. Bu videolar, uygulamalar\u0131n belirli \u00f6zelliklerini ve STEAM e\u011fitiminde \u201ctasar\u0131m yoluyla \u00f6\u011frenme\u201d yakla\u015f\u0131m\u0131 \u00e7er\u00e7evesinde nas\u0131l kullan\u0131labileceklerini g\u00f6sterecektir.<\/p>\n<\/div>\n<p>\n    <a href=\"\/tr\/toolkit-instruction-videos\/\">Videolar\u0131 izleyin<\/a>\n<\/p>\n<h2>Curriculum<\/h2>\n<div>GIFTLED y\u00f6nteminin STEAM disiplinlerinde \u00f6zel yetenekli bireylerin dahil edilmesi ve e\u011fitimi i\u00e7in nas\u0131l kullan\u0131labilece\u011fini g\u00f6stermek \u00fczere bir m\u00fcfredat geli\u015ftirilecek ve tasarlanacakt\u0131r.<\/div>\n<p>\n    <a href=\"\/wp-content\/uploads\/2025\/01\/GIFTLED-Curriculum-for-Trainers_Modules_TR.pdf\">M\u00fcfredat\u0131 \u0130ndir<\/a>\n<\/p>\n<hr>\n<p><img decoding=\"async\" src=\"\/wp-content\/uploads\/2023\/03\/toolsvg-1.svg\" alt=\"\"><\/p>\n<p><!--more--><br \/>\n<!-- {\"type\":\"layout\",\"children\":[{\"type\":\"section\",\"props\":{\"image_position\":\"center-center\",\"padding_remove_bottom\":true,\"padding_remove_top\":true,\"style\":\"default\",\"title_breakpoint\":\"xl\",\"title_position\":\"top-left\",\"title_rotation\":\"left\",\"vertical_align\":\"middle\",\"width\":\"default\"},\"children\":[{\"type\":\"row\",\"children\":[{\"type\":\"column\",\"props\":{\"image_position\":\"center-center\",\"media_overlay_gradient\":\"\",\"position_sticky_breakpoint\":\"m\"},\"children\":[{\"type\":\"image\",\"props\":{\"class\":\"logo-other\",\"image\":\"wp-content\\\/uploads\\\/2023\\\/03\\\/logo-other-page-1.svg\",\"image_svg_color\":\"emphasis\",\"margin\":\"default\"}},{\"type\":\"breadcrumbs\",\"props\":{\"show_current\":true,\"show_home\":true}},{\"type\":\"headline\",\"props\":{\"text_align\":\"left\",\"title_color\":\"success\",\"title_element\":\"h2\",\"title_style\":\"h2\"},\"name\":\"headline-pages\",\"source\":{\"query\":{\"name\":\"pages.singlePage\"},\"props\":{\"content\":{\"filters\":{\"search\":\"\"},\"name\":\"title\"}}}}]}]}],\"name\":\"otherpagehead\"},{\"type\":\"section\",\"props\":{\"class\":\"bg-blue\",\"image_position\":\"center-center\",\"padding\":\"small\",\"padding_remove_bottom\":true,\"padding_remove_top\":false,\"status\":\"disabled\",\"style\":\"default\",\"title_breakpoint\":\"xl\",\"title_position\":\"top-left\",\"title_rotation\":\"left\",\"vertical_align\":\"middle\",\"width\":\"default\"},\"children\":[{\"type\":\"row\",\"props\":{\"layout\":\"1-2,1-2\"},\"children\":[{\"type\":\"column\",\"props\":{\"image_position\":\"center-center\",\"media_overlay_gradient\":\"\",\"position_sticky_breakpoint\":\"m\",\"width_medium\":\"1-2\"},\"children\":[{\"type\":\"text\",\"props\":{\"class\":\"color-w\",\"column_breakpoint\":\"m\",\"content\":\"\n\n<div id=\\\"Content\\\">\\n\n\n<div class=\\\"boxed\\\">\\n\n\n<div id=\\\"lipsum\\\">\\n\n\n<p>Ara\\u00e7 Kiti, \\u00f6zel yetenekli \\u00f6\\u011frencileirin STEAM e\\u011fitiminde GIFTLED y\\u00f6ntemi ile kullan\\u0131lacak \\u00f6zel e\\u011fitim\\\/\\u00f6\\u011fretim kaynaklar\\u0131n\\u0131 i\\u00e7ermektedir.<\\\/p>\\n\n\n<p>\\u00d6zel hedefler a\\u015fa\\u011f\\u0131daki sonu\\u00e7lar\\u0131 geli\\u015ftirmek olacakt\\u0131r:<\\\/p>\\n\n\n<ul>\\n\n\n<li>\\u0130lk sonu\\u00e7 bir \\u00f6\\u011fretmen\\\/e\\u011fitmen el kitab\\u0131d\\u0131r. El kitab\\u0131, \\u00f6\\u011fretmenlere \\u00f6zel yeteneklilik, STEAM ve \\\"tasar\\u0131m yoluyla \\u00f6\\u011frenme\\\" e\\u011fitim yakla\\u015f\\u0131m\\u0131, son olarak da GIFTLED Y\\u00f6ntemi a\\u00e7\\u0131s\\u0131ndan rehberlik etmektedir.<\\\/li>\\n\n\n<li>STEAM disiplinlerinde kullan\\u0131lacak her bir dijital ve art\\u0131r\\u0131lm\\u0131\\u015f ger\\u00e7eklik uygulamas\\u0131 i\\u00e7in Ara\\u00e7 Seti Tan\\u0131t\\u0131m Videolar\\u0131 (TIVs) tasarlanacakt\\u0131r. Bu videolar, uygulamalar\\u0131n belirli \\u00f6zelliklerini ve STEAM e\\u011fitiminde \\\"tasar\\u0131m yoluyla \\u00f6\\u011frenme\\\" yakla\\u015f\\u0131m\\u0131 \\u00e7er\\u00e7evesinde nas\\u0131l kullan\\u0131labileceklerini g\\u00f6sterecektir.<\\\/li>\\n\n\n<li>Art\\u0131r\\u0131lm\\u0131\\u015f ger\\u00e7eklik \\u00f6rnek uygulamalar bro\\u015f\\u00fcr\\u00fc; bu kaynak, belirli bir senaryo ile art\\u0131r\\u0131lm\\u0131\\u015f ger\\u00e7eklik uygulamas\\u0131n\\u0131n nas\\u0131l kullan\\u0131laca\\u011f\\u0131 hakk\\u0131nda bilgi i\\u00e7erir.<\\\/li>\\n\n\n<li>GIFTLED y\\u00f6nteminin STEAM disiplinlerinde \\u00f6zel yetenekli bireylerin dahil edilmesi ve e\\u011fitimi i\\u00e7in nas\\u0131l kullan\\u0131labilece\\u011fini g\\u00f6stermek \\u00fczere bir m\\u00fcfredat geli\\u015ftirilecek ve tasarlanacakt\\u0131r.<\\\/li>\\n<\\\/ul>\\n<\\\/div>\\n<\\\/div>\\n<\\\/div>\",\"css\":\".el-element{\\n    color:#000000; \\n}\",\"margin\":\"default\"}}]},{\"type\":\"column\",\"props\":{\"image_position\":\"center-center\",\"media_overlay_gradient\":\"\",\"position_sticky_breakpoint\":\"m\",\"width_medium\":\"1-2\"},\"children\":[{\"type\":\"image\",\"props\":{\"class\":\"svele\",\"image\":\"wp-content\\\/uploads\\\/2023\\\/03\\\/toolsvg-1.svg\",\"image_svg_color\":\"emphasis\",\"margin\":\"default\"}}]}]}],\"name\":\"OLD\"},{\"type\":\"section\",\"props\":{\"animation\":\"fade\",\"animation_delay\":\"200\",\"class\":\"bg-blue\",\"image_position\":\"center-center\",\"padding\":\"small\",\"padding_remove_bottom\":false,\"padding_remove_top\":false,\"style\":\"default\",\"title_breakpoint\":\"xl\",\"title_position\":\"top-left\",\"title_rotation\":\"left\",\"vertical_align\":\"middle\",\"width\":\"default\"},\"children\":[{\"type\":\"row\",\"children\":[{\"type\":\"column\",\"props\":{\"image_position\":\"center-center\",\"media_overlay_gradient\":\"\",\"position_sticky_breakpoint\":\"m\"},\"children\":[{\"type\":\"text\",\"props\":{\"column_breakpoint\":\"m\",\"content\":\"Ara\\u00e7 Kiti, \\u00f6zel yetenekli \\u00f6\\u011frencileirin STEAM e\\u011fitiminde GIFTLED y\\u00f6ntemi ile kullan\\u0131lacak \\u00f6zel e\\u011fitim\\\/\\u00f6\\u011fretim kaynaklar\\u0131n\\u0131 i\\u00e7ermektedir.\",\"css\":\".el-element {\\n\\tcolor: #fff;\\n}\",\"margin\":\"default\",\"text_style\":\"lead\"},\"name\":\"Intro text\"}]}]},{\"type\":\"row\",\"props\":{\"divider\":true,\"layout\":\"1-2,1-2\",\"width_expand\":\"right\"},\"children\":[{\"type\":\"column\",\"props\":{\"image_position\":\"center-center\",\"media_overlay_gradient\":\"\",\"position_sticky_breakpoint\":\"m\",\"width_medium\":\"1-2\"},\"children\":[{\"type\":\"headline\",\"props\":{\"content\":\"\\u00d6\\u011fretmen\\\/e\\u011fitmen el kitab\\u0131d\\u0131r\",\"text_align\":\"left\",\"title_color\":\"primary\",\"title_element\":\"h2\",\"title_style\":\"h2\"},\"name\":\"1. Handbook for Teachers\"},{\"type\":\"text\",\"props\":{\"class\":\"color-w\",\"column_breakpoint\":\"m\",\"content\":\"\\u0130lk sonu\\u00e7 bir \\u00f6\\u011fretmen\\\/e\\u011fitmen el kitab\\u0131d\\u0131r. El kitab\\u0131, \\u00f6\\u011fretmenlere \\u00f6zel yeteneklilik, STEAM ve \\u201ctasar\\u0131m yoluyla \\u00f6\\u011frenme\\u201d e\\u011fitim yakla\\u015f\\u0131m\\u0131, son olarak da GIFTLED Y\\u00f6ntemi a\\u00e7\\u0131s\\u0131ndan rehberlik etmektedir.\",\"css\":\".el-element{\\n    color:#000000; \\n}\",\"margin\":\"default\"},\"name\":\"Handbook text\"},{\"type\":\"button\",\"props\":{\"grid_column_gap\":\"small\",\"grid_row_gap\":\"small\",\"margin\":\"default\"},\"children\":[{\"type\":\"button_item\",\"props\":{\"button_style\":\"primary\",\"content\":\"\\u00d6\\u011eRETMENLER \\u0130\\u00c7\\u0130N EL K\\u0130TABI\",\"icon_align\":\"left\",\"link\":\"https:\\\/\\\/giftled.eu\\\/wp-content\\\/uploads\\\/2024\\\/03\\\/TR-GIFTLED-Learning-by-Design-Method-in-My-Educational-Work-Handbook-For-Teachers.pdf\",\"link_target\":\"blank\"}}]}]},{\"type\":\"column\",\"props\":{\"image_position\":\"center-center\",\"media_overlay_gradient\":\"\",\"position_sticky_breakpoint\":\"m\",\"width_medium\":\"1-2\"},\"children\":[{\"type\":\"headline\",\"props\":{\"content\":\"AR vaka \\u00e7al\\u0131\\u015fmalar\\u0131\",\"text_align\":\"left\",\"title_color\":\"primary\",\"title_element\":\"h2\",\"title_style\":\"h2\"},\"name\":\"3. AR case studies\"},{\"type\":\"text\",\"props\":{\"class\":\"color-w\",\"column_breakpoint\":\"m\",\"content\":\"Art\\u0131r\\u0131lm\\u0131\\u015f ger\\u00e7eklik \\u00f6rnek uygulamalar bro\\u015f\\u00fcr\\u00fc; bu kaynak, belirli bir senaryo ile art\\u0131r\\u0131lm\\u0131\\u015f ger\\u00e7eklik uygulamas\\u0131n\\u0131n nas\\u0131l kullan\\u0131laca\\u011f\\u0131 hakk\\u0131nda bilgi i\\u00e7erir.\",\"css\":\".el-element{\\n    color:#000000; \\n}\",\"margin\":\"default\"},\"name\":\"AR text\"},{\"type\":\"text\",\"props\":{\"class\":\"color-w\",\"column_breakpoint\":\"m\",\"content\":\"\n\n<p><a class=\\\"uk-button uk-button-primary uk-text-uppercase\\\" href=\\\"#modal-ar-case-studies\\\" uk-toggle=\\\"\\\">A\\u00e7\\u0131k<\\\/a><\\\/p>\\n\n\n<div id=\\\"modal-ar-case-studies\\\" class=\\\"uk-flex-top\\\" uk-modal=\\\"\\\">\\n\n\n<div class=\\\"uk-modal-dialog uk-modal-body uk-margin-auto-vertical\\\"><button class=\\\"uk-modal-close-default\\\" type=\\\"button\\\" uk-close=\\\"\\\"><\\\/button>\\n\n\n<p>Art\\u0131r\\u0131lm\\u0131\\u015f ger\\u00e7eklik \\u00f6rnek uygulamalar bro\\u015f\\u00fcr\\u00fc; bu kaynak, belirli bir senaryo ile art\\u0131r\\u0131lm\\u0131\\u015f ger\\u00e7eklik uygulamas\\u0131n\\u0131n nas\\u0131l kullan\\u0131laca\\u011f\\u0131 hakk\\u0131nda bilgi i\\u00e7erir.<\\\/p>\\n\\n\n\n<p><a class=\\\"uk-button uk-button-primary\\\" href=\\\"https:\\\/\\\/giftled.eu\\\/wp-content\\\/uploads\\\/2024\\\/09\\\/1.-Fizikte-Elektrik-Devreleri-1.pdf\\\" target=\\\"_blank\\\" rel=\\\"noopener\\\">1. Fizikte Elektrik Devreleri<\\\/a><\\\/p>\\n\\n\n\n<p><a class=\\\"uk-button uk-button-primary\\\" href=\\\"https:\\\/\\\/giftled.eu\\\/wp-content\\\/uploads\\\/2024\\\/09\\\/2.-Magaralardan-Modernlige-1.pdf\\\" target=\\\"_blank\\\" rel=\\\"noopener\\\">2. Ma\\u011faralardan Modernli\\u011fe<\\\/a><\\\/p>\\n\\n\n\n<p><a class=\\\"uk-button uk-button-primary\\\" href=\\\"https:\\\/\\\/giftled.eu\\\/wp-content\\\/uploads\\\/2024\\\/09\\\/3.-Ruzgar-Turbinlerini-Anlamak-1.pdf\\\" target=\\\"_blank\\\" rel=\\\"noopener\\\">3. R\\u00fczgar T\\u00fcrbinlerini Anlamak<\\\/a><\\\/p>\\n\\n\n\n<p><a class=\\\"uk-button uk-button-primary\\\" href=\\\"https:\\\/\\\/giftled.eu\\\/wp-content\\\/uploads\\\/2024\\\/09\\\/4.-Depremler-ve-bi\\u0307na-tepki\\u0307leri\\u0307.pdf\\\" target=\\\"_blank\\\" rel=\\\"noopener\\\">4. Depremler ve bi\\u0307na tepki\\u0307leri\\u0307<\\\/a><\\\/p>\\n\\n\n\n<p><a class=\\\"uk-button uk-button-primary\\\" href=\\\"https:\\\/\\\/giftled.eu\\\/wp-content\\\/uploads\\\/2024\\\/09\\\/5.Uc-Boyutlu-Geometri-1.pdf\\\" target=\\\"_blank\\\" rel=\\\"noopener\\\">5.\\u00dc\\u00e7 Boyutlu Geometri<\\\/a><\\\/p>\\n\\n\n\n<p><a class=\\\"uk-button uk-button-primary\\\" href=\\\"https:\\\/\\\/giftled.eu\\\/wp-content\\\/uploads\\\/2024\\\/09\\\/6.-AG-Matematik-Macerasi-1.pdf\\\" target=\\\"_blank\\\" rel=\\\"noopener\\\">6. AG Matematik Maceras\\u0131<\\\/a><\\\/p>\\n\\n\n\n<p><a class=\\\"uk-button uk-button-primary\\\" href=\\\"https:\\\/\\\/giftled.eu\\\/wp-content\\\/uploads\\\/2024\\\/09\\\/7.-Sanal-Sanat-Sergisi-Etkinligi-1.pdf\\\" target=\\\"_blank\\\" rel=\\\"noopener\\\">7. Sanal Sanat Sergisi Etkinli\\u011fi<\\\/a><\\\/p>\\n\\n<\\\/div>\\n<\\\/div>\",\"css\":\".el-element{\\n    color:#000000; \\n}\",\"margin\":\"default\"},\"name\":\"Modal\"}]}]},{\"type\":\"row\",\"children\":[{\"type\":\"column\",\"props\":{\"image_position\":\"center-center\",\"media_overlay_gradient\":\"\",\"position_sticky_breakpoint\":\"m\"},\"children\":[{\"type\":\"divider\",\"props\":{\"css\":\".el-element {\\n\\tvisibility: hidden;\\n}\",\"divider_element\":\"hr\"}}]}]},{\"type\":\"row\",\"props\":{\"divider\":true,\"layout\":\"1-2,1-2\",\"match\":true,\"status\":\"\"},\"children\":[{\"type\":\"column\",\"props\":{\"image_position\":\"center-center\",\"media_overlay_gradient\":\"\",\"position_sticky_breakpoint\":\"m\",\"width_medium\":\"1-2\"},\"children\":[{\"type\":\"headline\",\"props\":{\"content\":\" Ara\\u00e7 Seti Tan\\u0131t\\u0131m Videolar\\u0131 (TIVs)\",\"text_align\":\"left\",\"title_color\":\"primary\",\"title_element\":\"h2\",\"title_style\":\"h2\"},\"name\":\"2. Toolkit Instruction Videos\"},{\"type\":\"text\",\"props\":{\"class\":\"color-w\",\"column_breakpoint\":\"m\",\"content\":\"\n\n<p>STEAM disiplinlerinde kullan\\u0131lacak her bir dijital ve art\\u0131r\\u0131lm\\u0131\\u015f ger\\u00e7eklik uygulamas\\u0131 i\\u00e7in Ara\\u00e7 Seti Tan\\u0131t\\u0131m Videolar\\u0131 (TIVs) tasarlanacakt\\u0131r. Bu videolar, uygulamalar\\u0131n belirli \\u00f6zelliklerini ve STEAM e\\u011fitiminde \\u201ctasar\\u0131m yoluyla \\u00f6\\u011frenme\\u201d yakla\\u015f\\u0131m\\u0131 \\u00e7er\\u00e7evesinde nas\\u0131l kullan\\u0131labileceklerini g\\u00f6sterecektir.<\\\/p>\",\"css\":\".el-element{\\n    color:#000000; \\n}\",\"margin\":\"default\"}},{\"type\":\"button\",\"props\":{\"class\":\"\",\"css\":\".el-content {\\n\\ttext-transform: uppercase;\\n}\",\"grid_column_gap\":\"small\",\"grid_row_gap\":\"small\",\"margin\":\"default\"},\"children\":[{\"type\":\"button_item\",\"props\":{\"button_style\":\"primary\",\"content\":\"Videolar\\u0131 izleyin\",\"icon_align\":\"left\",\"link\":\"tr\\\/toolkit-instruction-videos\\\/\",\"link_target\":\"blank\"}}],\"name\":\"WATCH THE VIDEOS\"}]},{\"type\":\"column\",\"props\":{\"image_position\":\"center-center\",\"media_overlay_gradient\":\"\",\"position_sticky_breakpoint\":\"m\",\"width_medium\":\"1-2\"},\"children\":[{\"type\":\"headline\",\"props\":{\"content\":\"Curriculum\",\"text_align\":\"left\",\"title_color\":\"primary\",\"title_element\":\"h2\",\"title_style\":\"h2\"},\"name\":\"4. Curriculum\"},{\"type\":\"text\",\"props\":{\"class\":\"color-w\",\"column_breakpoint\":\"m\",\"content\":\"GIFTLED y\\u00f6nteminin STEAM disiplinlerinde \\u00f6zel yetenekli bireylerin dahil edilmesi ve e\\u011fitimi i\\u00e7in nas\\u0131l kullan\\u0131labilece\\u011fini g\\u00f6stermek \\u00fczere bir m\\u00fcfredat geli\\u015ftirilecek ve tasarlanacakt\\u0131r.\",\"css\":\".el-element{\\n    color:#000000; \\n}\",\"margin\":\"default\"}},{\"type\":\"button\",\"props\":{\"css\":\".el-content {\\n\\ttext-transform: uppercase;\\n}\\n\",\"grid_column_gap\":\"small\",\"grid_row_gap\":\"small\",\"margin\":\"default\"},\"children\":[{\"type\":\"button_item\",\"props\":{\"button_style\":\"primary\",\"content\":\"M\\u00fcfredat\\u0131 \\u0130ndir\",\"icon_align\":\"left\",\"link\":\"wp-content\\\/uploads\\\/2025\\\/01\\\/GIFTLED-Curriculum-for-Trainers_Modules_TR.pdf\",\"link_target\":\"blank\"}}],\"name\":\"COMING SOON btn\"}]}]},{\"type\":\"row\",\"children\":[{\"type\":\"column\",\"props\":{\"image_position\":\"center-center\",\"media_overlay_gradient\":\"\",\"position_sticky_breakpoint\":\"m\"},\"children\":[{\"type\":\"divider\",\"props\":{\"css\":\".el-element {\\n\\tvisibility: hidden;\\n}\",\"divider_element\":\"hr\"}}]}]},{\"type\":\"row\",\"props\":{\"divider\":false,\"layout\":\"1-2,1-2\",\"width_expand\":\"right\"},\"children\":[{\"type\":\"column\",\"props\":{\"image_position\":\"center-center\",\"media_overlay_gradient\":\"\",\"position_sticky_breakpoint\":\"m\",\"width_medium\":\"1-2\"},\"children\":[{\"type\":\"text\",\"props\":{\"class\":\"color-w\",\"column_breakpoint\":\"m\",\"content\":\"\n\n<div id=\\\"Content\\\">\\n\n\n<div class=\\\"boxed\\\">\\n\n\n<div id=\\\"lipsum\\\">\\n\n\n<p><span>The Toolkit includes specific training\\\/teaching resources which will be used through GIFTLED method in STEAM education.<\\\/span><\\\/p>\\n\n\n<p><span>The specific objectives will be developing the following results:\\u00a0<\\\/span><\\\/p>\\n\n\n<ul>\\n\n\n<li aria-level=\\\"1\\\"><span>The first result is a <\\\/span><b>teacher\\\/trainer\\u2019s handbook<\\\/b><span>. The handbook guides teacher\\\/trainer in terms of giftedness, STEAM, and the \\u201clearning by design\\u201d educational approach, finally the GiftLed Method.<\\\/span><\\\/li>\\n\n\n<li aria-level=\\\"1\\\"><span>The <\\\/span><b>Toolkit Introduction Videos (TIVs)<\\\/b><span> will be designed for each digital and augmented reality applications that will be used in STEAM disciplines. These videos will demonstrate the specific features of applications and how they can be used in STEAM education within \\u201clearning by design\\u201d approach.<\\\/span><\\\/li>\\n\n\n<li aria-level=\\\"1\\\"><span>The <\\\/span><b>augmented reality case studies brochure<\\\/b><span>; this resource contains information how to use augmented reality application with a specific scenario.\\u00a0<\\\/span><\\\/li>\\n\n\n<li aria-level=\\\"1\\\"><span>A <\\\/span><b>curriculum<\\\/b><span> will be developed and designed to demonstrate how the GIFTLED method can be used in STEAM disciplines<\\\/span><span><br \\\/><\\\/span><span>for inclusion and education of gifted\\\/talented individuals.\\u00a0<\\\/span><\\\/li>\\n<\\\/ul>\\n<\\\/div>\\n<\\\/div>\\n<\\\/div>\",\"css\":\".el-element{\\n    color:#000000; \\n}\",\"margin\":\"default\",\"status\":\"disabled\"},\"name\":\"BKP text\"}]},{\"type\":\"column\",\"props\":{\"image_position\":\"center-center\",\"media_overlay_gradient\":\"\",\"position_sticky_breakpoint\":\"m\",\"width_medium\":\"1-2\"},\"children\":[{\"type\":\"image\",\"props\":{\"class\":\"DDsvele\",\"css\":\".el-image {\\n\\tmax-width: 340px;\\n}\",\"image\":\"wp-content\\\/uploads\\\/2023\\\/03\\\/toolsvg-1.svg\",\"image_svg_color\":\"emphasis\",\"image_width\":\"300\",\"margin\":\"default\",\"text_align\":\"right\",\"visibility\":\"m\"}}]}]}],\"name\":\"FINAL RESULTS PAGE - SECTION\"}],\"version\":\"3.0.20\"} --><\/p>\n","protected":false},"excerpt":{"rendered":"<p>Ara\u00e7 Kiti, \u00f6zel yetenekli \u00f6\u011frencileirin STEAM e\u011fitiminde GIFTLED y\u00f6ntemi ile kullan\u0131lacak \u00f6zel e\u011fitim\/\u00f6\u011fretim kaynaklar\u0131n\u0131 i\u00e7ermektedir. \u00d6\u011fretmen\/e\u011fitmen el kitab\u0131d\u0131r \u0130lk sonu\u00e7 bir \u00f6\u011fretmen\/e\u011fitmen el kitab\u0131d\u0131r. El..<\/p>\n","protected":false},"author":1,"featured_media":0,"parent":0,"menu_order":0,"comment_status":"closed","ping_status":"closed","template":"","meta":{"_acf_changed":false,"inline_featured_image":false,"footnotes":""},"class_list":["post-1354","page","type-page","status-publish","hentry"],"acf":[],"_links":{"self":[{"href":"https:\/\/giftled.eu\/tr\/wp-json\/wp\/v2\/pages\/1354","targetHints":{"allow":["GET"]}}],"collection":[{"href":"https:\/\/giftled.eu\/tr\/wp-json\/wp\/v2\/pages"}],"about":[{"href":"https:\/\/giftled.eu\/tr\/wp-json\/wp\/v2\/types\/page"}],"author":[{"embeddable":true,"href":"https:\/\/giftled.eu\/tr\/wp-json\/wp\/v2\/users\/1"}],"replies":[{"embeddable":true,"href":"https:\/\/giftled.eu\/tr\/wp-json\/wp\/v2\/comments?post=1354"}],"version-history":[{"count":11,"href":"https:\/\/giftled.eu\/tr\/wp-json\/wp\/v2\/pages\/1354\/revisions"}],"predecessor-version":[{"id":2626,"href":"https:\/\/giftled.eu\/tr\/wp-json\/wp\/v2\/pages\/1354\/revisions\/2626"}],"wp:attachment":[{"href":"https:\/\/giftled.eu\/tr\/wp-json\/wp\/v2\/media?parent=1354"}],"curies":[{"name":"wp","href":"https:\/\/api.w.org\/{rel}","templated":true}]}}